{"id":11729,"date":"2016-12-09T05:07:09","date_gmt":"2016-12-09T05:07:09","guid":{"rendered":"https:\/\/nfunb.org\/wordpress\/about-nfunb\/"},"modified":"2022-03-09T09:35:14","modified_gmt":"2022-03-09T13:35:14","slug":"a-propos-de-l-unf-nb","status":"publish","type":"page","link":"https:\/\/www.nfunb.org\/fr\/a-propos-de-l-unf-nb\/","title":{"rendered":"\u00c0 propos de l&rsquo;UNF-NB"},"content":{"rendered":"<div class=\"wpb-content-wrapper\"><p>[vc_row equal_height=\u00a0\u00bbyes\u00a0\u00bb][vc_column width=\u00a0\u00bb2\/3&Prime;]<div class=\"ult-animation  ult-animate-viewport  ult-no-mobile \" data-animate=\"bounceInDown\" data-animation-delay=\"0.5\" data-animation-duration=\"1\" data-animation-iteration=\"1\" style=\"opacity:0;\" data-opacity_start_effect=\"\"><div class='dt-sc-section-title alignleft  vc_custom_1644256366972'><h2><span>\u00c0 propos de<\/span> l'Union Nationale des Fermiers<\/h2><p><\/p><\/div><div class='dt-sc-clear '> <\/div>[vc_custom_heading text=\u00a0\u00bbL&rsquo;Union Nationale des fermiers du Nouveau-Brunswick fait la promotion de politiques visant \u00e0 revitaliser l&rsquo;agriculture au Nouveau-Brunswick en renfor\u00e7ant les fermes familiales. Aux niveaux local, national et international, l&rsquo;UNF pr\u00e9conise des structures alternatives et des politiques gouvernementales qui r\u00e9sistent au contr\u00f4le des entreprises sur les aliments. Avec les agriculteurs et les consommateurs, l&rsquo;UNF s&rsquo;efforce d&rsquo;encourager des communaut\u00e9s rurales dynamiques, des pratiques respectueuses de l&rsquo;environnement et la production d&rsquo;aliments s\u00fbrs et sains.\u00a0\u00bb font_container=\u00a0\u00bbtag:p|text_align:left\u00a0\u00bb use_theme_fonts=\u00a0\u00bbyes\u00a0\u00bb]<\/div><div class='dt-sc-hr-invisible-small '> <\/div>[vc_row_inner css=\u00a0\u00bb.vc_custom_1481274803069{padding-bottom: 60px !important;}\u00a0\u00bb][vc_column_inner width=\u00a0\u00bb1\/2&Prime;]<div class=\"ult-animation  ult-animate-viewport  ult-no-mobile \" data-animate=\"fadeIn\" data-animation-delay=\"0.8\" data-animation-duration=\"1\" data-animation-iteration=\"1\" style=\"opacity:0;\" data-opacity_start_effect=\"\"><div class='dt-sc-icon-box type5 ' ><div class=\"icon-wrapper\"><span class='lnr lnr-thumbs-up'> <\/span><\/div><div class=\"icon-content\"><h4>Organisme Agricole G\u00e9n\u00e9ral Agr\u00e9\u00e9<\/h4><p>Travailler pour cr\u00e9er un meilleur syst\u00e8me alimentaire pour tous.<\/p><\/div><\/div><\/div><div class='dt-sc-clear '> <\/div>[vc_separator color=\u00a0\u00bbcustom\u00a0\u00bb border_width=\u00a0\u00bb2&Prime; accent_color=\u00a0\u00bb#483b33&Prime; css=\u00a0\u00bb.vc_custom_1481262592290{margin-top: 25px !important;}\u00a0\u00bb]<div class=\"ult-animation  ult-animate-viewport  ult-no-mobile \" data-animate=\"fadeIn\" data-animation-delay=\"1.1\" data-animation-duration=\"1\" data-animation-iteration=\"1\" style=\"opacity:0;\" data-opacity_start_effect=\"\"><div class='dt-sc-icon-box type5 ' ><div class=\"icon-wrapper\"><span class='lnr lnr-leaf'> <\/span><\/div><div class=\"icon-content\"><h4>Agriculture r\u00e9g\u00e9n\u00e9rative<\/h4><p><p id=\"tw-target-text\" class=\"tw-data-text tw-text-large tw-ta\" dir=\"ltr\" data-placeholder=\"Translation\"><span class=\"Y2IQFc\" lang=\"fr\">Construire des sols sains, r\u00e9g\u00e9n\u00e9rer les \u00e9cosyst\u00e8mes et lutter contre le changement climatique.<\/span><\/p><\/p><\/div><\/div><\/div>[\/vc_column_inner][vc_column_inner width=\u00a0\u00bb1\/2&Prime;]<div class=\"ult-animation  ult-animate-viewport  ult-no-mobile \" data-animate=\"fadeIn\" data-animation-delay=\"1.4\" data-animation-duration=\"1\" data-animation-iteration=\"1\" style=\"opacity:0;\" data-opacity_start_effect=\"\"><div class='dt-sc-icon-box type5 ' ><div class=\"icon-wrapper\"><span class='lnr lnr-store'> <\/span><\/div><div class=\"icon-content\"><h4>Vendre plus de produits locals<\/h4><div class=\"oSioSc\">\n<div id=\"tw-target\">\n<div id=\"kAz1tf\" class=\"g9WsWb\">\n<div id=\"tw-target-text-container\" class=\"tw-ta-container F0azHf tw-nfl\" tabindex=\"0\">\n<p id=\"tw-target-text\" class=\"tw-data-text tw-text-large tw-ta\" dir=\"ltr\" data-placeholder=\"Translation\"><span class=\"Y2IQFc\" lang=\"fr\">Promouvoir des politiques visant \u00e0 revitaliser l&rsquo;agriculture au N.-B.<\/span><\/p>\n<\/div>\n<\/div>\n<\/div>\n<\/div><\/div><\/div><\/div><div class='dt-sc-clear '> <\/div>[vc_separator color=\u00a0\u00bbcustom\u00a0\u00bb border_width=\u00a0\u00bb2&Prime; accent_color=\u00a0\u00bb#483b33&Prime; css=\u00a0\u00bb.vc_custom_1481262592290{margin-top: 25px !important;}\u00a0\u00bb]<div class=\"ult-animation  ult-animate-viewport  ult-no-mobile \" data-animate=\"fadeIn\" data-animation-delay=\"1.7\" data-animation-duration=\"1\" data-animation-iteration=\"1\" style=\"opacity:0;\" data-opacity_start_effect=\"\"><div class='dt-sc-icon-box type5 ' ><div class=\"icon-wrapper\"><span class='lnr lnr-drop'> <\/span><\/div><div class=\"icon-content\"><h4>D\u00e9veloppement rural durable<\/h4><p><p id=\"tw-target-text\" class=\"tw-data-text tw-text-large tw-ta\" dir=\"ltr\" data-placeholder=\"Translation\"><span class=\"Y2IQFc\" lang=\"fr\">Supporter leurs communaut\u00e9s et g\u00e9rez leurs terres.<\/span><\/p><\/p><\/div><\/div><\/div>[\/vc_column_inner][\/vc_row_inner][\/vc_column][vc_column width=\u00a0\u00bb1\/3&Prime; css=\u00a0\u00bb.vc_custom_1639495317345{background-position: center !important;background-repeat: no-repeat !important;background-size: cover !important;}\u00a0\u00bb addstyles=\u00a0\u00bbmin-height: 400px;\u00a0\u00bb]<div class='dt-sc-section-title aligncenter  '><h2><span>Qui<\/span> nous sommes<\/h2><p>Un diaporama de l'histoire de l'UNF-NB par l'ancien pr\u00e9sident Jean-Eudes Chiasson. Pr\u00e9sent\u00e9 \u00e0 l'AGA 2015, le 29 mars, \u00e0 Fredericton<\/p><\/div>[vc_video link=\u00a0\u00bbhttps:\/\/youtu.be\/6y5mQCxzRG8&Prime;][\/vc_column][\/vc_row][vc_row full_width=\u00a0\u00bbstretch_row\u00a0\u00bb css_animation=\u00a0\u00bbfadeInUp\u00a0\u00bb css=\u00a0\u00bb.vc_custom_1646832832569{background-image: url(https:\/\/www.nfunb.org\/wp-content\/uploads\/2021\/12\/blur.png?id=11210) !important;background-position: center !important;background-repeat: no-repeat !important;background-size: cover !important;}\u00a0\u00bb][vc_column][vc_row_inner][vc_column_inner width=\u00a0\u00bb1\/2&Prime;]<div class=\"ult-animation  ult-animate-viewport  ult-no-mobile \" data-animate=\"fadeInUp\" data-animation-delay=\"1\" data-animation-duration=\"1\" data-animation-iteration=\"1\" style=\"opacity:0;\" data-opacity_start_effect=\"\">[vc_single_image image=\u00a0\u00bb11610&Prime; img_size=\u00a0\u00bbfull\u00a0\u00bb alignment=\u00a0\u00bbcenter\u00a0\u00bb css=\u00a0\u00bb.vc_custom_1642104041942{margin-top: 20px !important;margin-bottom: 0px !important;}\u00a0\u00bb]<\/div>[\/vc_column_inner][vc_column_inner el_class=\u00a0\u00bbdt-sc-dark-bg\u00a0\u00bb width=\u00a0\u00bb1\/2&Prime; css=\u00a0\u00bb.vc_custom_1483344740566{padding-top: 50px !important;padding-bottom: 30px !important;}\u00a0\u00bb]<div class=\"ult-animation  ult-animate-viewport  ult-no-mobile \" data-animate=\"fadeInUp\" data-animation-delay=\"1.3\" data-animation-duration=\"1\" data-animation-iteration=\"1\" style=\"opacity:0;\" data-opacity_start_effect=\"\"><div class='dt-sc-section-title type2 alignleft  vc_custom_1644256650199'><p><\/p><h2><span>Ce que nous faisons<\/span> <\/h2><\/div><div class='dt-sc-clear '> <\/div>[vc_custom_heading text=\u00a0\u00bbL&rsquo;UNF-NB continue de conna\u00eetre une croissance. De plus en plus d&rsquo;agriculteurs se rendent compte qu&rsquo;une partie de la solution est une organisation agricole solide qui est pr\u00eate \u00e0 parler au nom des agriculteurs et \u00e0 ne pas h\u00e9siter \u00e0 le faire. L&rsquo;UNF a \u00e9t\u00e9 \u00e0 l&rsquo;avant-garde pour parler au nom des agriculteurs sur la crise du revenu agricole, la perte de jeunes agriculteurs, les programmes gouvernementaux mal con\u00e7us qui profitent rarement aux agriculteurs, les initiatives alimentaires locales, les paiements pour les biens et services \u00e9cologiques et de nombreuses autres questions importantes. \u00e0 l&rsquo;avenir des agriculteurs, de nos familles et de nos collectivit\u00e9s.\u00a0\u00bb font_container=\u00a0\u00bbtag:p|text_align:left\u00a0\u00bb use_theme_fonts=\u00a0\u00bbyes\u00a0\u00bb]<div class='dt-sc-hr-invisible-small '> <\/div>[vc_custom_heading text=\u00a0\u00bbLes membres de l&rsquo;UNF estiment que les probl\u00e8mes auxquels sont confront\u00e9s les agriculteurs sont des probl\u00e8mes communs et que les agriculteurs produisant divers produits doivent travailler ensemble pour proposer des solutions efficaces. L&rsquo;UNF travaille \u00e0 l&rsquo;\u00e9laboration de politiques \u00e9conomiques et sociales qui maintiendront la ferme familiale comme principale unit\u00e9 de production alimentaire au N.-B.\u00a0\u00bb font_container=\u00a0\u00bbtag:p|text_align:left\u00a0\u00bb use_theme_fonts=\u00a0\u00bbyes\u00a0\u00bb]<\/div>[\/vc_column_inner][\/vc_row_inner][\/vc_column][\/vc_row][vc_row css=\u00a0\u00bb.vc_custom_1481347182950{padding-top: 85px !important;padding-bottom: 85px !important;}\u00a0\u00bb][vc_column][vc_row_inner][vc_column_inner width=\u00a0\u00bb1\/3&Prime;]<div class=\"ult-animation  ult-animate-viewport  ult-no-mobile \" data-animate=\"flipInY\" data-animation-delay=\"0.5\" data-animation-duration=\"1\" data-animation-iteration=\"1\" style=\"opacity:0;\" data-opacity_start_effect=\"\"><div class='dt-sc-image-caption type1 ' ><div class='dt-sc-image-title'><h3><a href=\"https:\/\/nfunb.org\/fr\/communications\/\" target=\"_self\" title=\"Communications\">Communications<\/a><\/h3><\/div><div class='dt-sc-image-wrapper'><a target=\"_self\" href=\"https:\/\/nfunb.org\/fr\/communications\/\"><img loading=\"lazy\" decoding=\"async\" width=\"800\" height=\"600\" src=\"https:\/\/www.nfunb.org\/wp-content\/uploads\/2022\/01\/013-1.jpg\" class=\"attachment-full\" alt=\"\" title=\"013-1\" srcset=\"https:\/\/www.nfunb.org\/wp-content\/uploads\/2022\/01\/013-1.jpg 800w, https:\/\/www.nfunb.org\/wp-content\/uploads\/2022\/01\/013-1-300x225.jpg 300w, https:\/\/www.nfunb.org\/wp-content\/uploads\/2022\/01\/013-1-500x375.jpg 500w\" sizes=\"auto, (max-width: 800px) 100vw, 800px\" \/><\/a><\/div><div class=\"dt-sc-image-content\" ><p id=\"tw-target-text\" class=\"tw-data-text tw-text-large tw-ta\" dir=\"ltr\" data-placeholder=\"Translation\"><span class=\"Y2IQFc\" lang=\"fr\">L&rsquo;UNF-NB communique r\u00e9guli\u00e8rement avec ses membres et le public par divers moyens.<\/span><\/p>\n<p>[vc_separator css=\u00a0\u00bb.vc_custom_1481346092193{margin-bottom: 5px !important; margin-top: 20px !important;}\u00a0\u00bb]<\/div><\/div><a href='https:\/\/nfunb.org\/fr\/communications\/' target='_self' title='Communications' class='dt-sc-button   small icon-right with-icon  filled  type1' > En savoir plus <span class='fa fa-long-arrow-right'> <\/span><\/a><\/div>[\/vc_column_inner][vc_column_inner width=\u00a0\u00bb1\/3&Prime;]<div class=\"ult-animation  ult-animate-viewport  ult-no-mobile \" data-animate=\"flipInY\" data-animation-delay=\"0.8\" data-animation-duration=\"1\" data-animation-iteration=\"1\" style=\"opacity:0;\" data-opacity_start_effect=\"\"><div class='dt-sc-image-caption type1 ' ><div class='dt-sc-image-title'><h3><a href=\"https:\/\/nfunb.org\/fr\/domaines-prioritaires\/\" target=\"_self\" title=\"Priority Areas\">Domaines prioritaires<\/a><\/h3><\/div><div class='dt-sc-image-wrapper'><a target=\"_self\" href=\"https:\/\/nfunb.org\/fr\/domaines-prioritaires\/\"><img loading=\"lazy\" decoding=\"async\" width=\"400\" height=\"300\" src=\"https:\/\/www.nfunb.org\/wp-content\/uploads\/2022\/02\/Carrots-Lupine.jpg\" class=\"attachment-full\" alt=\"\" title=\"Carrots-(Lupine)\" srcset=\"https:\/\/www.nfunb.org\/wp-content\/uploads\/2022\/02\/Carrots-Lupine.jpg 400w, https:\/\/www.nfunb.org\/wp-content\/uploads\/2022\/02\/Carrots-Lupine-300x225.jpg 300w\" sizes=\"auto, (max-width: 400px) 100vw, 400px\" \/><\/a><\/div><div class=\"dt-sc-image-content\" ><p id=\"tw-target-text\" class=\"tw-data-text tw-text-large tw-ta\" dir=\"ltr\" data-placeholder=\"Translation\"><span class=\"Y2IQFc\" lang=\"fr\">Les principaux domaines et objectifs prioritaires sont d\u00e9finis. Veuillez revenir car des mises \u00e0 jour seront publi\u00e9es dans chaque domaine au fur et \u00e0 mesure que nous avancerons.<\/span><\/p>\n<p>[vc_separator css=\u00a0\u00bb.vc_custom_1481346092193{margin-bottom: 5px !important; margin-top: 20px !important;}\u00a0\u00bb]<\/div><\/div><a href='https:\/\/nfunb.org\/fr\/domaines-prioritaires\/' target='_self' title='Communications' class='dt-sc-button   small icon-right with-icon  filled  type1' > En savoir plus <span class='fa fa-long-arrow-right'> <\/span><\/a><\/div>[\/vc_column_inner][vc_column_inner width=\u00a0\u00bb1\/3&Prime;]<div class=\"ult-animation  ult-animate-viewport  ult-no-mobile \" data-animate=\"flipInY\" data-animation-delay=\"1.1\" data-animation-duration=\"1\" data-animation-iteration=\"1\" style=\"opacity:0;\" data-opacity_start_effect=\"\"><div class='dt-sc-image-caption type1 ' ><div class='dt-sc-image-title'><h3><a href=\"https:\/\/nfunb.org\/fr\/devenir-membre\/\" target=\"_self\" title=\"Become a member\">Devenir Membre<\/a><\/h3><\/div><div class='dt-sc-image-wrapper'><a target=\"_self\" href=\"https:\/\/nfunb.org\/fr\/devenir-membre\/\"><img loading=\"lazy\" decoding=\"async\" width=\"400\" height=\"300\" src=\"https:\/\/www.nfunb.org\/wp-content\/uploads\/2022\/02\/members.jpg\" class=\"attachment-full\" alt=\"\" title=\"members\" srcset=\"https:\/\/www.nfunb.org\/wp-content\/uploads\/2022\/02\/members.jpg 400w, https:\/\/www.nfunb.org\/wp-content\/uploads\/2022\/02\/members-300x225.jpg 300w\" sizes=\"auto, (max-width: 400px) 100vw, 400px\" \/><\/a><\/div><div class=\"dt-sc-image-content\" ><p id=\"tw-target-text\" class=\"tw-data-text tw-text-large tw-ta\" dir=\"ltr\" data-placeholder=\"Translation\"><span class=\"Y2IQFc\" lang=\"fr\">Tout agriculteur de la province est \u00e9ligible pour devenir membre de l&rsquo;UNF-NB, tout non-agriculteur int\u00e9ress\u00e9 \u00e0 soutenir notre travail est invit\u00e9 \u00e0 devenir membre associ\u00e9.<\/span><\/p>\n<p>[vc_separator css=\u00a0\u00bb.vc_custom_1481346092193{margin-bottom: 5px !important; margin-top: 20px !important;}\u00a0\u00bb]<\/div><\/div><a href='https:\/\/nfunb.org\/fr\/devenir-membre\/' target='_self' title='Become a member' class='dt-sc-button   small icon-right with-icon  filled  type1' > En savoir plus <span class='fa fa-long-arrow-right'> <\/span><\/a><\/div>[\/vc_column_inner][\/vc_row_inner][\/vc_column][\/vc_row]<\/p>\n<\/div>","protected":false},"excerpt":{"rendered":"<p>[vc_row equal_height=\u00a0\u00bbyes\u00a0\u00bb][vc_column width=\u00a0\u00bb2\/3&Prime;][vc_row_inner css=\u00a0\u00bb.vc_custom_1481274803069{padding-bottom: 60px !important;}\u00a0\u00bb][vc_column_inner width=\u00a0\u00bb1\/2&Prime;][vc_separator color=\u00a0\u00bbcustom\u00a0\u00bb border_width=\u00a0\u00bb2&Prime; accent_color=\u00a0\u00bb#483b33&Prime; css=\u00a0\u00bb.vc_custom_1481262592290{margin-top: 25px !important;}\u00a0\u00bb][\/vc_column_inner][vc_column_inner width=\u00a0\u00bb1\/2&Prime;][vc_separator color=\u00a0\u00bbcustom\u00a0\u00bb border_width=\u00a0\u00bb2&Prime; accent_color=\u00a0\u00bb#483b33&Prime; css=\u00a0\u00bb.vc_custom_1481262592290{margin-top: 25px !important;}\u00a0\u00bb][\/vc_column_inner][\/vc_row_inner][\/vc_column][vc_column width=\u00a0\u00bb1\/3&Prime; css=\u00a0\u00bb.vc_custom_1639495317345{background-position: center !important;background-repeat: no-repeat !important;background-size: cover !important;}\u00a0\u00bb addstyles=\u00a0\u00bbmin-height: 400px;\u00a0\u00bb][vc_video [&hellip;]<\/p>\n","protected":false},"author":1,"featured_media":0,"parent":0,"menu_order":0,"comment_status":"closed","ping_status":"closed","template":"","meta":{"footnotes":""},"class_list":["post-11729","page","type-page","status-publish","hentry"],"yoast_head":"<!-- This site is optimized with the Yoast SEO plugin v26.7 - https:\/\/yoast.com\/wordpress\/plugins\/seo\/ -->\n<title>\u00c0 propos de l&#039;UNF-NB - National Farmers Union in New Brunswick<\/title>\n<meta name=\"robots\" content=\"index, follow, max-snippet:-1, max-image-preview:large, max-video-preview:-1\" \/>\n<link rel=\"canonical\" href=\"https:\/\/www.nfunb.org\/fr\/a-propos-de-l-unf-nb\/\" \/>\n<meta property=\"og:locale\" content=\"fr_FR\" \/>\n<meta property=\"og:type\" content=\"article\" \/>\n<meta property=\"og:title\" content=\"\u00c0 propos de l&#039;UNF-NB - National Farmers Union in New Brunswick\" \/>\n<meta property=\"og:description\" content=\"[vc_row equal_height=\u00a0\u00bbyes\u00a0\u00bb][vc_column width=\u00a0\u00bb2\/3&Prime;][vc_row_inner css=\u00a0\u00bb.vc_custom_1481274803069{padding-bottom: 60px !important;}\u00a0\u00bb][vc_column_inner width=\u00a0\u00bb1\/2&Prime;][vc_separator color=\u00a0\u00bbcustom\u00a0\u00bb border_width=\u00a0\u00bb2&Prime; accent_color=\u00a0\u00bb#483b33&Prime; css=\u00a0\u00bb.vc_custom_1481262592290{margin-top: 25px !important;}\u00a0\u00bb][\/vc_column_inner][vc_column_inner width=\u00a0\u00bb1\/2&Prime;][vc_separator color=\u00a0\u00bbcustom\u00a0\u00bb border_width=\u00a0\u00bb2&Prime; accent_color=\u00a0\u00bb#483b33&Prime; css=\u00a0\u00bb.vc_custom_1481262592290{margin-top: 25px !important;}\u00a0\u00bb][\/vc_column_inner][\/vc_row_inner][\/vc_column][vc_column width=\u00a0\u00bb1\/3&Prime; css=\u00a0\u00bb.vc_custom_1639495317345{background-position: center !important;background-repeat: no-repeat !important;background-size: cover !important;}\u00a0\u00bb addstyles=\u00a0\u00bbmin-height: 400px;\u00a0\u00bb][vc_video [&hellip;]\" \/>\n<meta property=\"og:url\" content=\"https:\/\/www.nfunb.org\/fr\/a-propos-de-l-unf-nb\/\" \/>\n<meta property=\"og:site_name\" content=\"National Farmers Union in New Brunswick\" \/>\n<meta property=\"article:publisher\" content=\"https:\/\/www.facebook.com\/NFUinNB\" \/>\n<meta property=\"article:modified_time\" content=\"2022-03-09T13:35:14+00:00\" \/>\n<meta name=\"twitter:card\" content=\"summary_large_image\" \/>\n<meta name=\"twitter:label1\" content=\"Dur\u00e9e de lecture estim\u00e9e\" \/>\n\t<meta name=\"twitter:data1\" content=\"6 minutes\" \/>\n<script type=\"application\/ld+json\" class=\"yoast-schema-graph\">{\"@context\":\"https:\/\/schema.org\",\"@graph\":[{\"@type\":\"WebPage\",\"@id\":\"https:\/\/www.nfunb.org\/fr\/a-propos-de-l-unf-nb\/\",\"url\":\"https:\/\/www.nfunb.org\/fr\/a-propos-de-l-unf-nb\/\",\"name\":\"\u00c0 propos de l'UNF-NB - National Farmers Union in New Brunswick\",\"isPartOf\":{\"@id\":\"https:\/\/www.nfunb.org\/fr\/#website\"},\"datePublished\":\"2016-12-09T05:07:09+00:00\",\"dateModified\":\"2022-03-09T13:35:14+00:00\",\"breadcrumb\":{\"@id\":\"https:\/\/www.nfunb.org\/fr\/a-propos-de-l-unf-nb\/#breadcrumb\"},\"inLanguage\":\"fr-FR\",\"potentialAction\":[{\"@type\":\"ReadAction\",\"target\":[\"https:\/\/www.nfunb.org\/fr\/a-propos-de-l-unf-nb\/\"]}]},{\"@type\":\"BreadcrumbList\",\"@id\":\"https:\/\/www.nfunb.org\/fr\/a-propos-de-l-unf-nb\/#breadcrumb\",\"itemListElement\":[{\"@type\":\"ListItem\",\"position\":1,\"name\":\"Home\",\"item\":\"https:\/\/www.nfunb.org\/fr\/home\/\"},{\"@type\":\"ListItem\",\"position\":2,\"name\":\"\u00c0 propos de l&#8217;UNF-NB\"}]},{\"@type\":\"WebSite\",\"@id\":\"https:\/\/www.nfunb.org\/fr\/#website\",\"url\":\"https:\/\/www.nfunb.org\/fr\/\",\"name\":\"National Farmers Union in New Brunswick\",\"description\":\"Strong Communities. Sound Policies. Sustainable Farms\",\"publisher\":{\"@id\":\"https:\/\/www.nfunb.org\/fr\/#organization\"},\"potentialAction\":[{\"@type\":\"SearchAction\",\"target\":{\"@type\":\"EntryPoint\",\"urlTemplate\":\"https:\/\/www.nfunb.org\/fr\/?s={search_term_string}\"},\"query-input\":{\"@type\":\"PropertyValueSpecification\",\"valueRequired\":true,\"valueName\":\"search_term_string\"}}],\"inLanguage\":\"fr-FR\"},{\"@type\":\"Organization\",\"@id\":\"https:\/\/www.nfunb.org\/fr\/#organization\",\"name\":\"National Farmers Union in New Brunswick\",\"url\":\"https:\/\/www.nfunb.org\/fr\/\",\"logo\":{\"@type\":\"ImageObject\",\"inLanguage\":\"fr-FR\",\"@id\":\"https:\/\/www.nfunb.org\/fr\/#\/schema\/logo\/image\/\",\"url\":\"https:\/\/www.nfunb.org\/wp-content\/uploads\/2022\/01\/NFU_logo_CircleNB.png\",\"contentUrl\":\"https:\/\/www.nfunb.org\/wp-content\/uploads\/2022\/01\/NFU_logo_CircleNB.png\",\"width\":480,\"height\":480,\"caption\":\"National Farmers Union in New Brunswick\"},\"image\":{\"@id\":\"https:\/\/www.nfunb.org\/fr\/#\/schema\/logo\/image\/\"},\"sameAs\":[\"https:\/\/www.facebook.com\/NFUinNB\",\"https:\/\/www.instagram.com\/nfu.unf.nb\/\"]}]}<\/script>\n<!-- \/ Yoast SEO plugin. -->","yoast_head_json":{"title":"\u00c0 propos de l'UNF-NB - National Farmers Union in New Brunswick","robots":{"index":"index","follow":"follow","max-snippet":"max-snippet:-1","max-image-preview":"max-image-preview:large","max-video-preview":"max-video-preview:-1"},"canonical":"https:\/\/www.nfunb.org\/fr\/a-propos-de-l-unf-nb\/","og_locale":"fr_FR","og_type":"article","og_title":"\u00c0 propos de l'UNF-NB - National Farmers Union in New Brunswick","og_description":"[vc_row equal_height=\u00a0\u00bbyes\u00a0\u00bb][vc_column width=\u00a0\u00bb2\/3&Prime;][vc_row_inner css=\u00a0\u00bb.vc_custom_1481274803069{padding-bottom: 60px !important;}\u00a0\u00bb][vc_column_inner width=\u00a0\u00bb1\/2&Prime;][vc_separator color=\u00a0\u00bbcustom\u00a0\u00bb border_width=\u00a0\u00bb2&Prime; accent_color=\u00a0\u00bb#483b33&Prime; css=\u00a0\u00bb.vc_custom_1481262592290{margin-top: 25px !important;}\u00a0\u00bb][\/vc_column_inner][vc_column_inner width=\u00a0\u00bb1\/2&Prime;][vc_separator color=\u00a0\u00bbcustom\u00a0\u00bb border_width=\u00a0\u00bb2&Prime; accent_color=\u00a0\u00bb#483b33&Prime; css=\u00a0\u00bb.vc_custom_1481262592290{margin-top: 25px !important;}\u00a0\u00bb][\/vc_column_inner][\/vc_row_inner][\/vc_column][vc_column width=\u00a0\u00bb1\/3&Prime; css=\u00a0\u00bb.vc_custom_1639495317345{background-position: center !important;background-repeat: no-repeat !important;background-size: cover !important;}\u00a0\u00bb addstyles=\u00a0\u00bbmin-height: 400px;\u00a0\u00bb][vc_video [&hellip;]","og_url":"https:\/\/www.nfunb.org\/fr\/a-propos-de-l-unf-nb\/","og_site_name":"National Farmers Union in New Brunswick","article_publisher":"https:\/\/www.facebook.com\/NFUinNB","article_modified_time":"2022-03-09T13:35:14+00:00","twitter_card":"summary_large_image","twitter_misc":{"Dur\u00e9e de lecture estim\u00e9e":"6 minutes"},"schema":{"@context":"https:\/\/schema.org","@graph":[{"@type":"WebPage","@id":"https:\/\/www.nfunb.org\/fr\/a-propos-de-l-unf-nb\/","url":"https:\/\/www.nfunb.org\/fr\/a-propos-de-l-unf-nb\/","name":"\u00c0 propos de l'UNF-NB - National Farmers Union in New Brunswick","isPartOf":{"@id":"https:\/\/www.nfunb.org\/fr\/#website"},"datePublished":"2016-12-09T05:07:09+00:00","dateModified":"2022-03-09T13:35:14+00:00","breadcrumb":{"@id":"https:\/\/www.nfunb.org\/fr\/a-propos-de-l-unf-nb\/#breadcrumb"},"inLanguage":"fr-FR","potentialAction":[{"@type":"ReadAction","target":["https:\/\/www.nfunb.org\/fr\/a-propos-de-l-unf-nb\/"]}]},{"@type":"BreadcrumbList","@id":"https:\/\/www.nfunb.org\/fr\/a-propos-de-l-unf-nb\/#breadcrumb","itemListElement":[{"@type":"ListItem","position":1,"name":"Home","item":"https:\/\/www.nfunb.org\/fr\/home\/"},{"@type":"ListItem","position":2,"name":"\u00c0 propos de l&#8217;UNF-NB"}]},{"@type":"WebSite","@id":"https:\/\/www.nfunb.org\/fr\/#website","url":"https:\/\/www.nfunb.org\/fr\/","name":"National Farmers Union in New Brunswick","description":"Strong Communities. Sound Policies. Sustainable Farms","publisher":{"@id":"https:\/\/www.nfunb.org\/fr\/#organization"},"potentialAction":[{"@type":"SearchAction","target":{"@type":"EntryPoint","urlTemplate":"https:\/\/www.nfunb.org\/fr\/?s={search_term_string}"},"query-input":{"@type":"PropertyValueSpecification","valueRequired":true,"valueName":"search_term_string"}}],"inLanguage":"fr-FR"},{"@type":"Organization","@id":"https:\/\/www.nfunb.org\/fr\/#organization","name":"National Farmers Union in New Brunswick","url":"https:\/\/www.nfunb.org\/fr\/","logo":{"@type":"ImageObject","inLanguage":"fr-FR","@id":"https:\/\/www.nfunb.org\/fr\/#\/schema\/logo\/image\/","url":"https:\/\/www.nfunb.org\/wp-content\/uploads\/2022\/01\/NFU_logo_CircleNB.png","contentUrl":"https:\/\/www.nfunb.org\/wp-content\/uploads\/2022\/01\/NFU_logo_CircleNB.png","width":480,"height":480,"caption":"National Farmers Union in New Brunswick"},"image":{"@id":"https:\/\/www.nfunb.org\/fr\/#\/schema\/logo\/image\/"},"sameAs":["https:\/\/www.facebook.com\/NFUinNB","https:\/\/www.instagram.com\/nfu.unf.nb\/"]}]}},"_links":{"self":[{"href":"https:\/\/www.nfunb.org\/fr\/wp-json\/wp\/v2\/pages\/11729","targetHints":{"allow":["GET"]}}],"collection":[{"href":"https:\/\/www.nfunb.org\/fr\/wp-json\/wp\/v2\/pages"}],"about":[{"href":"https:\/\/www.nfunb.org\/fr\/wp-json\/wp\/v2\/types\/page"}],"author":[{"embeddable":true,"href":"https:\/\/www.nfunb.org\/fr\/wp-json\/wp\/v2\/users\/1"}],"replies":[{"embeddable":true,"href":"https:\/\/www.nfunb.org\/fr\/wp-json\/wp\/v2\/comments?post=11729"}],"version-history":[{"count":12,"href":"https:\/\/www.nfunb.org\/fr\/wp-json\/wp\/v2\/pages\/11729\/revisions"}],"predecessor-version":[{"id":12925,"href":"https:\/\/www.nfunb.org\/fr\/wp-json\/wp\/v2\/pages\/11729\/revisions\/12925"}],"wp:attachment":[{"href":"https:\/\/www.nfunb.org\/fr\/wp-json\/wp\/v2\/media?parent=11729"}],"curies":[{"name":"wp","href":"https:\/\/api.w.org\/{rel}","templated":true}]}}