{"id":11733,"date":"2016-12-15T07:42:57","date_gmt":"2016-12-15T07:42:57","guid":{"rendered":"https:\/\/nfunb.org\/wordpress\/a-propos-de-l-unf-nb\/board-of-directors\/"},"modified":"2024-05-21T10:23:45","modified_gmt":"2024-05-21T14:23:45","slug":"conseil-d-administration","status":"publish","type":"page","link":"https:\/\/www.nfunb.org\/fr\/a-propos-de-l-unf-nb\/conseil-d-administration\/","title":{"rendered":"Conseil d&rsquo;administration"},"content":{"rendered":"<div class=\"wpb-content-wrapper\"><p>[vc_row css=\u00a0\u00bb.vc_custom_1640014071685{padding-top: 30px !important;padding-bottom: 10px !important;}\u00a0\u00bb][vc_column]<div class='dt-sc-section-title aligncenter  '><h2><span>UNF-NB<\/span> Conseil d'administration<\/h2><p>Les membres du conseil d'administration de l'UNF-NB ont \u00e9t\u00e9 \u00e9lus en mars 2024 lors de l'AGA, tous les postes sont pour un mandat d'un an.<\/p><\/div>[\/vc_column][\/vc_row][vc_row full_width=\u00a0\u00bbstretch_row\u00a0\u00bb parallax=\u00a0\u00bbcontent-moving-fade\u00a0\u00bb parallax_speed_bg=\u00a0\u00bb2&Prime; css=\u00a0\u00bb.vc_custom_1640014083287{padding-top: 10px !important;padding-bottom: 10px !important;}\u00a0\u00bb][vc_column]<div class='dt-sc-section-title aligncenter  '><h3><span>Ex\u00e9cutif<\/span> <\/h3><p><\/p><\/div>[vc_row_inner][vc_column_inner width=\u00a0\u00bb1\/3&Prime;][vc_single_image image=\u00a0\u00bb13077&Prime; img_size=\u00a0\u00bblarge\u00a0\u00bb][\/vc_column_inner][vc_column_inner width=\u00a0\u00bb2\/3&Prime;]<div class='dt-sc-section-title aligncenter  '><h4><span>Pr\u00e9sident<\/span> Data Brainanta<\/h4><p><\/p><\/div>[vc_column_text]Data est un immigrant re\u00e7u de l&rsquo;Indon\u00e9sie qui a v\u00e9cu au Canada par intermittence pendant plus d&rsquo;une d\u00e9cennie. Ayant eu acc\u00e8s \u00e0 l&rsquo;argent du PCU en 2020, il a pu consacrer son attention et son \u00e9nergie \u00e0 l&rsquo;apprentissage de l&rsquo;agriculture \u00e0 \u00e9chelle humaine en climat temp\u00e9r\u00e9 et de la permaculture. Suite \u00e0 ces apprentissages, Data et ses amis ont lanc\u00e9 une coop\u00e9rative de production alimentaire (TOASA) avec pour mission de travailler avec la communaut\u00e9 dans un esprit de paix et d&rsquo;amiti\u00e9 afin de nourrir une relation d\u00e9colonis\u00e9e \u00e0 la terre.[\/vc_column_text][vc_custom_heading text=\u00a0\u00bbTOASA Cooperative Farm, Nauwigewauk, N.-B.<br \/>\n(506) 607-8486&Prime; font_container=\u00a0\u00bbtag:p|text_align:left\u00a0\u00bb use_theme_fonts=\u00a0\u00bbyes\u00a0\u00bb][\/vc_column_inner][\/vc_row_inner]<div class='dt-sc-single-line-separator '><\/div>[vc_row_inner][vc_column_inner width=\u00a0\u00bb2\/3&Prime;]<div class='dt-sc-section-title aligncenter  '><h4><span>Pr\u00e9sidente PANDC (Personnnes autochtones, noires et de couleur)<\/span> Leah Sappier<\/h4><p><\/p><\/div>[vc_column_text]Leah est originaire de Neqotkuk et r\u00e9side actuellement \u00e0 Eqpahak. Elle a effectu\u00e9 un stage en agriculture r\u00e9g\u00e9n\u00e9rative \u00e0 Hayes Farm en 2021. Elle fait actuellement de son mieux dans un petit jardin et n&rsquo;a pas beaucoup d&rsquo;espace, donc faire preuve de cr\u00e9ativit\u00e9 avec l&rsquo;espace dont elle dispose a \u00e9t\u00e9 un passe-temps amusant cette ann\u00e9e jusqu&rsquo;\u00e0 pr\u00e9sent. Leah s&rsquo;int\u00e9resse \u00e9galement particuli\u00e8rement \u00e0 la connaissance des m\u00e9dicaments qui peuvent \u00eatre r\u00e9colt\u00e9s localement et \u00e0 la mani\u00e8re d&rsquo;en tirer le meilleur parti.[\/vc_column_text][vc_custom_heading text=\u00a0\u00bbEqpahak (La r\u00e9gion de Fredericton), N.-B.\u00a0\u00bb font_container=\u00a0\u00bbtag:p|text_align:left\u00a0\u00bb use_theme_fonts=\u00a0\u00bbyes\u00a0\u00bb][\/vc_column_inner][vc_column_inner width=\u00a0\u00bb1\/3&Prime;][vc_single_image image=\u00a0\u00bb11602&Prime; img_size=\u00a0\u00bblarge\u00a0\u00bb][\/vc_column_inner][\/vc_row_inner]<div class='dt-sc-single-line-separator '><\/div>[vc_row_inner][vc_column_inner width=\u00a0\u00bb1\/3&Prime;][vc_single_image image=\u00a0\u00bb13079&Prime; img_size=\u00a0\u00bblarge\u00a0\u00bb][\/vc_column_inner][vc_column_inner width=\u00a0\u00bb2\/3&Prime;]<div class='dt-sc-section-title aligncenter  '><h4><span>S\u00e9cretaire<\/span> Genevi\u00e8ve Latour<\/h4><p><\/p><\/div>[vc_column_text]Biographie \u00e0 venir[\/vc_column_text][vc_custom_heading text=\u00a0\u00bbRogersville, N.-B.\u00a0\u00bb font_container=\u00a0\u00bbtag:p|text_align:left\u00a0\u00bb use_theme_fonts=\u00a0\u00bbyes\u00a0\u00bb][\/vc_column_inner][\/vc_row_inner]<div class='dt-sc-single-line-separator '><\/div>[vc_row_inner][vc_column_inner width=\u00a0\u00bb2\/3&Prime;]<div class='dt-sc-section-title aligncenter  '><h4><span>Pr\u00e9sidente des femmes<\/span> Karen Ferron<\/h4><p><\/p><\/div>[vc_column_text]Karen et son mari Al sont copropri\u00e9taires de \u00ab Ferron Family Farms \u00bb \u00e0 Long Settlement, au Nouveau-Brunswick. Ils d\u00e9couvrent l&rsquo;agriculture et le Nouveau-Brunswick apr\u00e8s avoir v\u00e9cu dans d&rsquo;autres provinces du Canada et en Jama\u00efque. Ils \u00e9l\u00e8vent du b\u00e9tail, des bovins, des moutons, des porcs et des poulets nourris \u00e0 l&rsquo;herbe et en p\u00e2turage, avec une attention particuli\u00e8re pour la production de viande de ch\u00e8vre. Ils vendent \u00e9galement d&rsquo;autres produits jama\u00efcains \u00e0 leur stand de ferme.[\/vc_column_text][vc_custom_heading text=\u00a0\u00bbFerron Family Farms, Long Settlement, N.-B.\u00a0\u00bb font_container=\u00a0\u00bbtag:p|text_align:left\u00a0\u00bb use_theme_fonts=\u00a0\u00bbyes\u00a0\u00bb][\/vc_column_inner][vc_column_inner width=\u00a0\u00bb1\/3&Prime;][vc_single_image image=\u00a0\u00bb11602&Prime; img_size=\u00a0\u00bblarge\u00a0\u00bb][\/vc_column_inner][\/vc_row_inner]<div class='dt-sc-single-line-separator '><\/div>[vc_row_inner][vc_column_inner width=\u00a0\u00bb1\/3&Prime;][vc_single_image image=\u00a0\u00bb11602&Prime; img_size=\u00a0\u00bblarge\u00a0\u00bb][\/vc_column_inner][vc_column_inner width=\u00a0\u00bb2\/3&Prime;]<div class='dt-sc-section-title aligncenter  '><h4><span>Pr\u00e9sident Jeunesse<\/span> Alexis L\u00e9g\u00e8re<\/h4><p><\/p><\/div>[vc_column_text]Alexis est mara\u00eecher chez Les Racines L\u00e9g\u00e8re, une ferme mara\u00eech\u00e8re mixte situ\u00e9e \u00e0 Caraquet, sur le terrain de l&rsquo;\u00e9cole Marguerite-Bourgeoys. Il fournit une partie des produits \u00e0 l&rsquo;\u00e9cole et vend le reste directement ou par l&rsquo;interm\u00e9diaire d\u2019une ASC ; il aide les \u00e9l\u00e8ves \u00e0 apprendre \u00e0 cultiver des aliments et utilise la cuisine certifi\u00e9e de l&rsquo;\u00e9cole pour produire des produits \u00e0 valeur ajout\u00e9e.[\/vc_column_text][vc_custom_heading text=\u00a0\u00bbLes Racines L\u00e9g\u00e8res, Caraquet, N.-B.\u00a0\u00bb font_container=\u00a0\u00bbtag:p|text_align:left\u00a0\u00bb use_theme_fonts=\u00a0\u00bbyes\u00a0\u00bb][\/vc_column_inner][\/vc_row_inner]<div class='dt-sc-single-line-separator '><\/div>[vc_row_inner][vc_column_inner width=\u00a0\u00bb2\/3&Prime;]<div class='dt-sc-section-title aligncenter  '><h4><span>Tr\u00e9sori\u00e8re<\/span> R\u00e9beka Frazer-Chiasson<\/h4><p><\/p><\/div>[vc_column_text]Fermi\u00e8re \u00e0 La Terre Partag\u00e9e \u00e0 Rogersville. F\u00e9ministe, \u00e9cologiste et soucieuse de la souverainet\u00e9 alimentaire. Dipl\u00f4m\u00e9 de l&rsquo;Universit\u00e9 St. Thomas.[\/vc_column_text][vc_custom_heading text=\u00a0\u00bbLa Ferme Terre Partag\u00e9e, Rogersville, Comt\u00e9 de Northumberland, NB\u00a0\u00bb font_container=\u00a0\u00bbtag:p|text_align:left\u00a0\u00bb use_theme_fonts=\u00a0\u00bbyes\u00a0\u00bb][\/vc_column_inner][vc_column_inner width=\u00a0\u00bb1\/3&Prime;][vc_single_image image=\u00a0\u00bb11391&Prime; img_size=\u00a0\u00bblarge\u00a0\u00bb][\/vc_column_inner][\/vc_row_inner][\/vc_column][\/vc_row][vc_row full_width=\u00a0\u00bbstretch_row\u00a0\u00bb bg_type=\u00a0\u00bbbg_color\u00a0\u00bb bg_color_value=\u00a0\u00bb#efefda\u00a0\u00bb css=\u00a0\u00bb.vc_custom_1644591196667{padding-top: 50px !important;padding-bottom: 30px !important;background-color: #efefda !important;}\u00a0\u00bb][vc_column]<div class='dt-sc-section-title aligncenter  '><h3><span>Directeurs<\/span> g\u00e9n\u00e9raux<\/h3><p><\/p><\/div>[vc_row_inner][vc_column_inner width=\u00a0\u00bb1\/3&Prime;][vc_single_image image=\u00a0\u00bb11602&Prime; img_size=\u00a0\u00bblarge\u00a0\u00bb][\/vc_column_inner][vc_column_inner width=\u00a0\u00bb2\/3&Prime;]<div class='dt-sc-section-title aligncenter  '><h4><span><\/span> Dirk Groenenberg<\/h4><p><\/p><\/div>[vc_column_text]Dirk Groenenberg est un fermier sans produits chimiques de Rusagonis et membre de groupes de solidarit\u00e9 tels que le r\u00e9seau Breaking the Silence Maritimes-Guatemala et Solidarit\u00e9 Fredericton.[\/vc_column_text][vc_custom_heading text=\u00a0\u00bbRusagonis, N.-B.\u00a0\u00bb font_container=\u00a0\u00bbtag:p|text_align:left\u00a0\u00bb use_theme_fonts=\u00a0\u00bbyes\u00a0\u00bb][\/vc_column_inner][\/vc_row_inner]<div class='dt-sc-single-line-separator '><\/div>[vc_row_inner][vc_column_inner width=\u00a0\u00bb2\/3&Prime;]<div class='dt-sc-section-title aligncenter  '><h4><span><\/span> Bernadette Goguen<\/h4><p><\/p><\/div>[vc_column_text]Marcel et Bernadette Goguen sont propri\u00e9taires depuis 1987, la Ferme Marcel Goguen est une ferme familiale depuis l\u2019arriv\u00e9e des premiers acadiens dans la r\u00e9gion. Joseph Goguen avait fond\u00e9 cette ferme vers 1778, soit dans les m\u00eames ann\u00e9es que le village de Cocagne fut fond\u00e9.<\/p>\n<p>&nbsp;<\/p>\n<p>La Ferme Marcel Goguen comprend 6 arpents de pommiers et 4 arpents de l\u00e9gumes mixtes. On trouve aussi sur la ferme des animaux de basse-cour, des poules, canards, oies, cochons et un cheval.<\/p>\n<p>Marcel et Bernadette Goguen insistent sur l\u2019importance de l\u2019\u00e9ducation, d\u2019informer les enfants et le public sur la provenance de notre nourriture, l\u2019histoire de leur ferme et de la r\u00e9gion. Des visites de la ferme sont \u00e9galement organis\u00e9es pour les \u00e9coles.[\/vc_column_text][vc_custom_heading text=\u00a0\u00bbFerme Marcel Goguen, Cocagne, N.-B.\u00a0\u00bb font_container=\u00a0\u00bbtag:p|text_align:left\u00a0\u00bb use_theme_fonts=\u00a0\u00bbyes\u00a0\u00bb][\/vc_column_inner][vc_column_inner width=\u00a0\u00bb1\/3&Prime;][vc_single_image image=\u00a0\u00bb13191&Prime; img_size=\u00a0\u00bblarge\u00a0\u00bb][\/vc_column_inner][\/vc_row_inner]<div class='dt-sc-single-line-separator '><\/div>[vc_row_inner][vc_column_inner width=\u00a0\u00bb1\/3&Prime;][vc_single_image image=\u00a0\u00bb12804&Prime; img_size=\u00a0\u00bblarge\u00a0\u00bb][\/vc_column_inner][vc_column_inner width=\u00a0\u00bb2\/3&Prime;]<div class='dt-sc-section-title aligncenter  '><h4><span><\/span> Aaron Shantz<\/h4><p><\/p><\/div>[vc_column_text]Aaron et son \u00e9pouse Shelley sont des activistes en mati\u00e8re de s\u00e9curit\u00e9 alimentaire \u00e0 Sainte-Marie-de-Kent, NB. Ils \u00e9l\u00e8vent leur famille de quatre sur une ferme abandonn\u00e9e sur laquelle ils ont d\u00e9m\u00e9nag\u00e9 10 ans pass\u00e9s, suite \u00e0 leur arriv\u00e9e de la C.-B. Ils exploitent la Ferme Hirondelle, une petite ferme maraich\u00e8re et avicole. Shelley est la principale exploitante agricole. Aaron g\u00e8re le bois\u00e9 et travaille sur des projets reli\u00e9s au d\u00e9veloppement communautaire en mati\u00e8re de s\u00e9curit\u00e9 alimentaire et de justice sociale. Pour s\u2019amuser, il g\u00e8re leur bois\u00e9 et il va explorer avec ses gar\u00e7ons Griffen and Clem. Son amour de la bonne nourriture et du travail de la terre r\u00e9sume bien sa conviction que tout le monde m\u00e9rite d\u2019avoir acc\u00e8s \u00e0 un style de vie sain, \u00e0 la fois physiquement et mentalement. Ceci est difficile pour plusieurs dans notre soci\u00e9t\u00e9 actuelle. Aaron et sa famille s\u2019efforcent de faire partie d\u2019un movement qui fait face \u00e0 ce d\u00e9fi ![\/vc_column_text][vc_custom_heading text=\u00a0\u00bbFerme l&rsquo;Hirondelle, Sainte-Marie-de-Kent, N.-B.\u00a0\u00bb font_container=\u00a0\u00bbtag:p|text_align:left\u00a0\u00bb use_theme_fonts=\u00a0\u00bbyes\u00a0\u00bb][\/vc_column_inner][\/vc_row_inner]<div class='dt-sc-single-line-separator '><\/div>[vc_row_inner][vc_column_inner width=\u00a0\u00bb2\/3&Prime;]<div class='dt-sc-section-title aligncenter  '><h4><span><\/span> Al Ferron<\/h4><p><\/p><\/div>[vc_column_text]Karen et son mari Al sont copropri\u00e9taires de \u00ab Ferron Family Farms \u00bb \u00e0 Long Settlement, au Nouveau-Brunswick. Ils d\u00e9couvrent l&rsquo;agriculture et le Nouveau-Brunswick apr\u00e8s avoir v\u00e9cu dans d&rsquo;autres provinces du Canada et en Jama\u00efque. Ils \u00e9l\u00e8vent du b\u00e9tail, des bovins, des moutons, des porcs et des poulets nourris \u00e0 l&rsquo;herbe et en p\u00e2turage, avec une attention particuli\u00e8re pour la production de viande de ch\u00e8vre. Ils vendent \u00e9galement d&rsquo;autres produits jama\u00efcains \u00e0 leur stand de ferme.[\/vc_column_text][vc_custom_heading text=\u00a0\u00bbFerron Family Farms, Long Settlement, N.-B.\u00a0\u00bb font_container=\u00a0\u00bbtag:p|text_align:left\u00a0\u00bb use_theme_fonts=\u00a0\u00bbyes\u00a0\u00bb][\/vc_column_inner][vc_column_inner width=\u00a0\u00bb1\/3&Prime;][vc_single_image image=\u00a0\u00bb11602&Prime; img_size=\u00a0\u00bblarge\u00a0\u00bb][\/vc_column_inner][\/vc_row_inner][\/vc_column][\/vc_row][vc_row css=\u00a0\u00bb.vc_custom_1640014846318{padding-top: 30px !important;}\u00a0\u00bb][vc_column]<div class='dt-sc-section-title aligncenter  '><h3><span>Repr\u00e9sentation du N.-B.<\/span> au niveau national<\/h3><p><\/p><\/div>[vc_row_inner][vc_column_inner width=\u00a0\u00bb2\/3&Prime;]<div class='dt-sc-section-title aligncenter  '><h4><span>(NB \u2013 R\u00e9gion 1, District 2)<\/span> <\/h4><p>Barb Amos<\/p><\/div><div class='dt-sc-section-title aligncenter  '><h4><span>Comit\u00e9 des programmes internationaux<\/span> <\/h4><p>Poste vacant<\/p><\/div>[\/vc_column_inner][vc_column_inner width=\u00a0\u00bb1\/3&Prime;][vc_single_image image=\u00a0\u00bb13368&Prime; img_size=\u00a0\u00bblarge\u00a0\u00bb alignment=\u00a0\u00bbcenter\u00a0\u00bb][\/vc_column_inner][\/vc_row_inner][\/vc_column][\/vc_row]<\/p>\n<\/div>","protected":false},"excerpt":{"rendered":"<p>[vc_row css=\u00a0\u00bb.vc_custom_1640014071685{padding-top: 30px !important;padding-bottom: 10px !important;}\u00a0\u00bb][vc_column][\/vc_column][\/vc_row][vc_row full_width=\u00a0\u00bbstretch_row\u00a0\u00bb parallax=\u00a0\u00bbcontent-moving-fade\u00a0\u00bb parallax_speed_bg=\u00a0\u00bb2&Prime; css=\u00a0\u00bb.vc_custom_1640014083287{padding-top: 10px !important;padding-bottom: 10px !important;}\u00a0\u00bb][vc_column][vc_row_inner][vc_column_inner width=\u00a0\u00bb1\/3&Prime;][vc_single_image image=\u00a0\u00bb13077&Prime; img_size=\u00a0\u00bblarge\u00a0\u00bb][\/vc_column_inner][vc_column_inner width=\u00a0\u00bb2\/3&Prime;][vc_column_text]Data est un immigrant re\u00e7u de l&rsquo;Indon\u00e9sie qui a v\u00e9cu au Canada par [&hellip;]<\/p>\n","protected":false},"author":1,"featured_media":0,"parent":11729,"menu_order":0,"comment_status":"closed","ping_status":"closed","template":"","meta":{"footnotes":""},"class_list":["post-11733","page","type-page","status-publish","hentry"],"yoast_head":"<!-- This site is optimized with the Yoast SEO plugin v26.7 - https:\/\/yoast.com\/wordpress\/plugins\/seo\/ -->\n<title>Conseil d&#039;administration - National Farmers Union in New Brunswick<\/title>\n<meta name=\"robots\" content=\"index, follow, max-snippet:-1, max-image-preview:large, max-video-preview:-1\" \/>\n<link rel=\"canonical\" href=\"https:\/\/www.nfunb.org\/fr\/a-propos-de-l-unf-nb\/conseil-d-administration\/\" \/>\n<meta property=\"og:locale\" content=\"fr_FR\" \/>\n<meta property=\"og:type\" content=\"article\" \/>\n<meta property=\"og:title\" content=\"Conseil d&#039;administration - National Farmers Union in New Brunswick\" \/>\n<meta property=\"og:description\" content=\"[vc_row css=\u00a0\u00bb.vc_custom_1640014071685{padding-top: 30px !important;padding-bottom: 10px !important;}\u00a0\u00bb][vc_column][\/vc_column][\/vc_row][vc_row full_width=\u00a0\u00bbstretch_row\u00a0\u00bb parallax=\u00a0\u00bbcontent-moving-fade\u00a0\u00bb parallax_speed_bg=\u00a0\u00bb2&Prime; css=\u00a0\u00bb.vc_custom_1640014083287{padding-top: 10px !important;padding-bottom: 10px !important;}\u00a0\u00bb][vc_column][vc_row_inner][vc_column_inner width=\u00a0\u00bb1\/3&Prime;][vc_single_image image=\u00a0\u00bb13077&Prime; img_size=\u00a0\u00bblarge\u00a0\u00bb][\/vc_column_inner][vc_column_inner width=\u00a0\u00bb2\/3&Prime;][vc_column_text]Data est un immigrant re\u00e7u de l&rsquo;Indon\u00e9sie qui a v\u00e9cu au Canada par [&hellip;]\" \/>\n<meta property=\"og:url\" content=\"https:\/\/www.nfunb.org\/fr\/a-propos-de-l-unf-nb\/conseil-d-administration\/\" \/>\n<meta property=\"og:site_name\" content=\"National Farmers Union in New Brunswick\" \/>\n<meta property=\"article:publisher\" content=\"https:\/\/www.facebook.com\/NFUinNB\" \/>\n<meta property=\"article:modified_time\" content=\"2024-05-21T14:23:45+00:00\" \/>\n<meta name=\"twitter:card\" content=\"summary_large_image\" \/>\n<meta name=\"twitter:label1\" content=\"Dur\u00e9e de lecture estim\u00e9e\" \/>\n\t<meta name=\"twitter:data1\" content=\"9 minutes\" \/>\n<script type=\"application\/ld+json\" class=\"yoast-schema-graph\">{\"@context\":\"https:\/\/schema.org\",\"@graph\":[{\"@type\":\"WebPage\",\"@id\":\"https:\/\/www.nfunb.org\/fr\/a-propos-de-l-unf-nb\/conseil-d-administration\/\",\"url\":\"https:\/\/www.nfunb.org\/fr\/a-propos-de-l-unf-nb\/conseil-d-administration\/\",\"name\":\"Conseil d'administration - National Farmers Union in New Brunswick\",\"isPartOf\":{\"@id\":\"https:\/\/www.nfunb.org\/fr\/#website\"},\"datePublished\":\"2016-12-15T07:42:57+00:00\",\"dateModified\":\"2024-05-21T14:23:45+00:00\",\"breadcrumb\":{\"@id\":\"https:\/\/www.nfunb.org\/fr\/a-propos-de-l-unf-nb\/conseil-d-administration\/#breadcrumb\"},\"inLanguage\":\"fr-FR\",\"potentialAction\":[{\"@type\":\"ReadAction\",\"target\":[\"https:\/\/www.nfunb.org\/fr\/a-propos-de-l-unf-nb\/conseil-d-administration\/\"]}]},{\"@type\":\"BreadcrumbList\",\"@id\":\"https:\/\/www.nfunb.org\/fr\/a-propos-de-l-unf-nb\/conseil-d-administration\/#breadcrumb\",\"itemListElement\":[{\"@type\":\"ListItem\",\"position\":1,\"name\":\"Home\",\"item\":\"https:\/\/www.nfunb.org\/fr\/home\/\"},{\"@type\":\"ListItem\",\"position\":2,\"name\":\"\u00c0 propos de l&#8217;UNF-NB\",\"item\":\"https:\/\/www.nfunb.org\/fr\/a-propos-de-l-unf-nb\/\"},{\"@type\":\"ListItem\",\"position\":3,\"name\":\"Conseil d&#8217;administration\"}]},{\"@type\":\"WebSite\",\"@id\":\"https:\/\/www.nfunb.org\/fr\/#website\",\"url\":\"https:\/\/www.nfunb.org\/fr\/\",\"name\":\"National Farmers Union in New Brunswick\",\"description\":\"Strong Communities. Sound Policies. Sustainable Farms\",\"publisher\":{\"@id\":\"https:\/\/www.nfunb.org\/fr\/#organization\"},\"potentialAction\":[{\"@type\":\"SearchAction\",\"target\":{\"@type\":\"EntryPoint\",\"urlTemplate\":\"https:\/\/www.nfunb.org\/fr\/?s={search_term_string}\"},\"query-input\":{\"@type\":\"PropertyValueSpecification\",\"valueRequired\":true,\"valueName\":\"search_term_string\"}}],\"inLanguage\":\"fr-FR\"},{\"@type\":\"Organization\",\"@id\":\"https:\/\/www.nfunb.org\/fr\/#organization\",\"name\":\"National Farmers Union in New Brunswick\",\"url\":\"https:\/\/www.nfunb.org\/fr\/\",\"logo\":{\"@type\":\"ImageObject\",\"inLanguage\":\"fr-FR\",\"@id\":\"https:\/\/www.nfunb.org\/fr\/#\/schema\/logo\/image\/\",\"url\":\"https:\/\/www.nfunb.org\/wp-content\/uploads\/2022\/01\/NFU_logo_CircleNB.png\",\"contentUrl\":\"https:\/\/www.nfunb.org\/wp-content\/uploads\/2022\/01\/NFU_logo_CircleNB.png\",\"width\":480,\"height\":480,\"caption\":\"National Farmers Union in New Brunswick\"},\"image\":{\"@id\":\"https:\/\/www.nfunb.org\/fr\/#\/schema\/logo\/image\/\"},\"sameAs\":[\"https:\/\/www.facebook.com\/NFUinNB\",\"https:\/\/www.instagram.com\/nfu.unf.nb\/\"]}]}<\/script>\n<!-- \/ Yoast SEO plugin. -->","yoast_head_json":{"title":"Conseil d'administration - National Farmers Union in New Brunswick","robots":{"index":"index","follow":"follow","max-snippet":"max-snippet:-1","max-image-preview":"max-image-preview:large","max-video-preview":"max-video-preview:-1"},"canonical":"https:\/\/www.nfunb.org\/fr\/a-propos-de-l-unf-nb\/conseil-d-administration\/","og_locale":"fr_FR","og_type":"article","og_title":"Conseil d'administration - National Farmers Union in New Brunswick","og_description":"[vc_row css=\u00a0\u00bb.vc_custom_1640014071685{padding-top: 30px !important;padding-bottom: 10px !important;}\u00a0\u00bb][vc_column][\/vc_column][\/vc_row][vc_row full_width=\u00a0\u00bbstretch_row\u00a0\u00bb parallax=\u00a0\u00bbcontent-moving-fade\u00a0\u00bb parallax_speed_bg=\u00a0\u00bb2&Prime; css=\u00a0\u00bb.vc_custom_1640014083287{padding-top: 10px !important;padding-bottom: 10px !important;}\u00a0\u00bb][vc_column][vc_row_inner][vc_column_inner width=\u00a0\u00bb1\/3&Prime;][vc_single_image image=\u00a0\u00bb13077&Prime; img_size=\u00a0\u00bblarge\u00a0\u00bb][\/vc_column_inner][vc_column_inner width=\u00a0\u00bb2\/3&Prime;][vc_column_text]Data est un immigrant re\u00e7u de l&rsquo;Indon\u00e9sie qui a v\u00e9cu au Canada par [&hellip;]","og_url":"https:\/\/www.nfunb.org\/fr\/a-propos-de-l-unf-nb\/conseil-d-administration\/","og_site_name":"National Farmers Union in New Brunswick","article_publisher":"https:\/\/www.facebook.com\/NFUinNB","article_modified_time":"2024-05-21T14:23:45+00:00","twitter_card":"summary_large_image","twitter_misc":{"Dur\u00e9e de lecture estim\u00e9e":"9 minutes"},"schema":{"@context":"https:\/\/schema.org","@graph":[{"@type":"WebPage","@id":"https:\/\/www.nfunb.org\/fr\/a-propos-de-l-unf-nb\/conseil-d-administration\/","url":"https:\/\/www.nfunb.org\/fr\/a-propos-de-l-unf-nb\/conseil-d-administration\/","name":"Conseil d'administration - National Farmers Union in New Brunswick","isPartOf":{"@id":"https:\/\/www.nfunb.org\/fr\/#website"},"datePublished":"2016-12-15T07:42:57+00:00","dateModified":"2024-05-21T14:23:45+00:00","breadcrumb":{"@id":"https:\/\/www.nfunb.org\/fr\/a-propos-de-l-unf-nb\/conseil-d-administration\/#breadcrumb"},"inLanguage":"fr-FR","potentialAction":[{"@type":"ReadAction","target":["https:\/\/www.nfunb.org\/fr\/a-propos-de-l-unf-nb\/conseil-d-administration\/"]}]},{"@type":"BreadcrumbList","@id":"https:\/\/www.nfunb.org\/fr\/a-propos-de-l-unf-nb\/conseil-d-administration\/#breadcrumb","itemListElement":[{"@type":"ListItem","position":1,"name":"Home","item":"https:\/\/www.nfunb.org\/fr\/home\/"},{"@type":"ListItem","position":2,"name":"\u00c0 propos de l&#8217;UNF-NB","item":"https:\/\/www.nfunb.org\/fr\/a-propos-de-l-unf-nb\/"},{"@type":"ListItem","position":3,"name":"Conseil d&#8217;administration"}]},{"@type":"WebSite","@id":"https:\/\/www.nfunb.org\/fr\/#website","url":"https:\/\/www.nfunb.org\/fr\/","name":"National Farmers Union in New Brunswick","description":"Strong Communities. Sound Policies. Sustainable Farms","publisher":{"@id":"https:\/\/www.nfunb.org\/fr\/#organization"},"potentialAction":[{"@type":"SearchAction","target":{"@type":"EntryPoint","urlTemplate":"https:\/\/www.nfunb.org\/fr\/?s={search_term_string}"},"query-input":{"@type":"PropertyValueSpecification","valueRequired":true,"valueName":"search_term_string"}}],"inLanguage":"fr-FR"},{"@type":"Organization","@id":"https:\/\/www.nfunb.org\/fr\/#organization","name":"National Farmers Union in New Brunswick","url":"https:\/\/www.nfunb.org\/fr\/","logo":{"@type":"ImageObject","inLanguage":"fr-FR","@id":"https:\/\/www.nfunb.org\/fr\/#\/schema\/logo\/image\/","url":"https:\/\/www.nfunb.org\/wp-content\/uploads\/2022\/01\/NFU_logo_CircleNB.png","contentUrl":"https:\/\/www.nfunb.org\/wp-content\/uploads\/2022\/01\/NFU_logo_CircleNB.png","width":480,"height":480,"caption":"National Farmers Union in New Brunswick"},"image":{"@id":"https:\/\/www.nfunb.org\/fr\/#\/schema\/logo\/image\/"},"sameAs":["https:\/\/www.facebook.com\/NFUinNB","https:\/\/www.instagram.com\/nfu.unf.nb\/"]}]}},"_links":{"self":[{"href":"https:\/\/www.nfunb.org\/fr\/wp-json\/wp\/v2\/pages\/11733","targetHints":{"allow":["GET"]}}],"collection":[{"href":"https:\/\/www.nfunb.org\/fr\/wp-json\/wp\/v2\/pages"}],"about":[{"href":"https:\/\/www.nfunb.org\/fr\/wp-json\/wp\/v2\/types\/page"}],"author":[{"embeddable":true,"href":"https:\/\/www.nfunb.org\/fr\/wp-json\/wp\/v2\/users\/1"}],"replies":[{"embeddable":true,"href":"https:\/\/www.nfunb.org\/fr\/wp-json\/wp\/v2\/comments?post=11733"}],"version-history":[{"count":10,"href":"https:\/\/www.nfunb.org\/fr\/wp-json\/wp\/v2\/pages\/11733\/revisions"}],"predecessor-version":[{"id":13372,"href":"https:\/\/www.nfunb.org\/fr\/wp-json\/wp\/v2\/pages\/11733\/revisions\/13372"}],"up":[{"embeddable":true,"href":"https:\/\/www.nfunb.org\/fr\/wp-json\/wp\/v2\/pages\/11729"}],"wp:attachment":[{"href":"https:\/\/www.nfunb.org\/fr\/wp-json\/wp\/v2\/media?parent=11733"}],"curies":[{"name":"wp","href":"https:\/\/api.w.org\/{rel}","templated":true}]}}