{"id":11754,"date":"2021-12-20T13:17:30","date_gmt":"2021-12-20T13:17:30","guid":{"rendered":"https:\/\/nfunb.org\/wordpress\/devenir-membre\/faq\/"},"modified":"2022-02-07T13:36:28","modified_gmt":"2022-02-07T17:36:28","slug":"faq","status":"publish","type":"page","link":"https:\/\/www.nfunb.org\/fr\/devenir-membre\/faq\/","title":{"rendered":"FAQ"},"content":{"rendered":"<div class=\"wpb-content-wrapper\"><p>[vc_row css=\u00a0\u00bb.vc_custom_1640032898241{padding-top: 30px !important;padding-bottom: 20px !important;}\u00a0\u00bb][vc_column]<div class='dt-sc-section-title aligncenter  '><h2><span>Questions fr\u00e9quemment<\/span> pos\u00e9es<\/h2><p>Nous sommes l\u00e0 pour r\u00e9pondre \u00e0 toutes vos questions<\/p><\/div>[vc_row_inner equal_height=\u00a0\u00bbyes\u00a0\u00bb content_placement=\u00a0\u00bbtop\u00a0\u00bb][vc_column_inner width=\u00a0\u00bb2\/3&Prime;]<div class='dt-sc-toggle-group-set  '><h5 class='dt-sc-toggle'><a href='#'>Comment puis-je devenir membre de l'Union nationale des fermiers du N.-B.?<\/a><\/h5><div class=\"dt-sc-toggle-content\" style=\"display: none;\"><div class=\"block\"><p id=\"tw-target-text\" class=\"tw-data-text tw-text-large tw-ta\" dir=\"ltr\" data-placeholder=\"Translation\"><span class=\"Y2IQFc\" lang=\"fr\">Vous pouvez adh\u00e9rer \u00e0 l&rsquo;UNF-NB en remplissant le formulaire de demande volontaire du registre des entreprises agricoles de la province du Nouveau-Brunswick\u00a0et en soumettant vos frais. Une fois inscrit, vous avez automatiquement acc\u00e8s aux programmes gouvernementaux tels que l&rsquo;exon\u00e9ration de la taxe sur le carburant (permis d&rsquo;acheteur), les plaques de camion agricole, l&rsquo;acc\u00e8s aux programmes de financement et plus encore. <\/span><\/p>\n<p class=\"tw-data-text tw-text-large tw-ta\" dir=\"ltr\" data-placeholder=\"Translation\"><span class=\"Y2IQFc\" lang=\"fr\">Vous avez \u00e9galement la possibilit\u00e9 de vous affilier directement \u00e0 l&rsquo;Union Nationale des fermiers. Pour plus d&rsquo;informations, cliquez ici! <\/span><\/p>\n<p class=\"tw-data-text tw-text-large tw-ta\" dir=\"ltr\" data-placeholder=\"Translation\"><span class=\"Y2IQFc\" lang=\"fr\">Les frais d&rsquo;inscription aident \u00e0 soutenir le travail de l&rsquo;UNF-NB et ses efforts de plaidoyer en votre nom. Les agriculteurs sont invit\u00e9s \u00e0 nous contacter au (506) 260-0087 pour toute question ou pour obtenir de l&rsquo;aide pour adh\u00e9rer.<\/span><\/p><\/div><\/div><h5 class='dt-sc-toggle'><a href='#'>Combien \u00e7a co\u00fbte?<\/a><\/h5><div class=\"dt-sc-toggle-content\" style=\"display: none;\"><div class=\"block\">Lorsque vous remplissez le registre des entreprises agricoles, les frais d&rsquo;adh\u00e9sion varient de 165 \u00e0 675 $ par an, synthroidnews revenu agricole brut net.<\/p>\n<p>Si vous vous inscrivez directement aupr\u00e8s de l&rsquo;UNF, le co\u00fbt est fix\u00e9 \u00e0 225 $.<\/div><\/div><h5 class='dt-sc-toggle'><a href='#'>J'appartiens d\u00e9j\u00e0 \u00e0 un office de commercialisation. Pourquoi adh\u00e9rer \u00e0 l'Union Nationale des Fermiers ?<\/a><\/h5><div class=\"dt-sc-toggle-content\" style=\"display: none;\"><div class=\"block\"><div id=\"tw-container\" class=\"\" data-cp=\"1\" data-is-ver=\"false\" data-nnttsvi=\"1\" data-sm=\"1\" data-sugg-time=\"500\" data-sugg-url=\"https:\/\/clients1.google.com\/complete\/search\" data-uilc=\"en\">\n<div>\n<div>\n<div id=\"tw-ob\" class=\"tw-src-ltr\">\n<div class=\"oSioSc\">\n<div id=\"tw-target\" class=\"\">\n<div id=\"kAz1tf\" class=\"g9WsWb\">\n<div id=\"tw-target-text-container\" class=\"tw-ta-container F0azHf tw-nfl\" tabindex=\"0\">\n<p id=\"tw-target-text\" class=\"tw-data-text tw-text-large tw-ta\" dir=\"ltr\" data-placeholder=\"Translation\"><span class=\"Y2IQFc\" lang=\"fr\">Les conseils de production r\u00e9gissent les questions relatives \u00e0 des produits sp\u00e9cifiques dans la province, ce que fait le Syndicat national des agriculteurs, c&rsquo;est d\u00e9fendre les int\u00e9r\u00eats des agriculteurs \u00e0 tous les niveaux de gouvernement sur TOUS les probl\u00e8mes agricoles courants. Nous exprimons vos pr\u00e9occupations aux d\u00e9cideurs gouvernementaux; plaider en votre nom et travailler de mani\u00e8re proactive pour am\u00e9liorer les programmes et les politiques aux niveaux provincial et f\u00e9d\u00e9ral.<\/span><\/p>\n<\/div>\n<\/div>\n<\/div>\n<\/div>\n<\/div>\n<\/div>\n<\/div>\n<\/div><\/div><\/div><h5 class='dt-sc-toggle'><a href='#'>Comment puis-je faire entendre ma voix sur une question ?<\/a><\/h5><div class=\"dt-sc-toggle-content\" style=\"display: none;\"><div class=\"block\"><p id=\"tw-target-text\" class=\"tw-data-text tw-text-large tw-ta\" dir=\"ltr\" data-placeholder=\"Translation\"><span class=\"Y2IQFc\" lang=\"fr\">L&rsquo;Union nationale des fermiers est une organisation de base, et nos politiques refl\u00e8tent les pr\u00e9occupations que nos membres apportent \u00e0 la table. Les agriculteurs qui se joignent \u00e0 l&rsquo;UNF-NB peuvent assister \u00e0 l&rsquo;une des r\u00e9unions r\u00e9gionales r\u00e9guli\u00e8res pour soulever des questions pr\u00e9occupantes. <\/span><\/p>\n<p id=\"tw-target-text\" class=\"tw-data-text tw-text-large tw-ta\" dir=\"ltr\" data-placeholder=\"Translation\"><span class=\"Y2IQFc\" lang=\"fr\">Une fois par an, g\u00e9n\u00e9ralement en hiver, nous tenons notre assembl\u00e9e g\u00e9n\u00e9rale annuelle, o\u00f9 nous adoptons des r\u00e9solutions qui d\u00e9finissent nos pr\u00e9occupations politiques pour l&rsquo;ann\u00e9e. Vous pouvez \u00e9galement contacter l&rsquo;un des membres de notre conseil d&rsquo;administration. Ou vous pouvez \u00eatre en contact direct avec le bureau de l&rsquo;UNF-NB, \u00e0 tout moment, avec des questions ou des pr\u00e9occupations.<\/span><\/p><\/div><\/div><h5 class='dt-sc-toggle'><a href='#'>Comment puis-je m'impliquer plus activement dans l'UNF-NB?<\/a><\/h5><div class=\"dt-sc-toggle-content\" style=\"display: none;\"><div class=\"block\"><div id=\"tw-container\" class=\"\" data-cp=\"1\" data-is-ver=\"false\" data-nnttsvi=\"1\" data-sm=\"1\" data-sugg-time=\"500\" data-sugg-url=\"https:\/\/clients1.google.com\/complete\/search\" data-uilc=\"en\">\n<div id=\"tw-ob\" class=\"tw-src-ltr\">\n<div class=\"oSioSc\">\n<div id=\"tw-target\" class=\"\">\n<div id=\"kAz1tf\" class=\"g9WsWb\">\n<div id=\"tw-target-text-container\" class=\"tw-ta-container F0azHf tw-nfl\" tabindex=\"0\">\n<p id=\"tw-target-text\" class=\"tw-data-text tw-text-large tw-ta\" dir=\"ltr\" data-placeholder=\"Translation\"><span class=\"Y2IQFc\" lang=\"fr\">Nous sommes toujours \u00e0 la recherche de nouveaux agriculteurs int\u00e9ress\u00e9s \u00e0 devenir membres du conseil d&rsquo;administration ou \u00e0 travailler sur diverses campagnes. Appelez-nous, \u00e9crivez-nous au bureau ou contactez l&rsquo;un des membres actuels de notre conseil d&rsquo;administration. Pour une liste des membres actuels de notre conseil d&rsquo;administration, cliquez ici.<\/span><\/p>\n<\/div>\n<\/div>\n<\/div>\n<\/div>\n<\/div>\n<\/div><\/div><\/div><\/div>[\/vc_column_inner][vc_column_inner el_align=\u00a0\u00bbcenter\u00a0\u00bb width=\u00a0\u00bb1\/3&Prime;][vc_single_image image=\u00a0\u00bb11619&Prime; img_size=\u00a0\u00bbfull\u00a0\u00bb alignment=\u00a0\u00bbcenter\u00a0\u00bb][\/vc_column_inner][\/vc_row_inner][\/vc_column][\/vc_row][vc_row full_width=\u00a0\u00bbstretch_row\u00a0\u00bb parallax=\u00a0\u00bbcontent-moving-fade\u00a0\u00bb parallax_speed_bg=\u00a0\u00bb2&Prime; css=\u00a0\u00bb.vc_custom_1640032553391{padding-top: 20px !important;padding-bottom: 20px !important;background-color: #f4e4b5 !important;}\u00a0\u00bb][vc_column][vc_row_inner content_placement=\u00a0\u00bbtop\u00a0\u00bb][vc_column_inner width=\u00a0\u00bb1\/3&Prime;][vc_single_image image=\u00a0\u00bb11621&Prime; img_size=\u00a0\u00bblarge\u00a0\u00bb alignment=\u00a0\u00bbcenter\u00a0\u00bb][\/vc_column_inner][vc_column_inner width=\u00a0\u00bb2\/3&Prime;]<div class='dt-sc-toggle-group-set  '><h5 class='dt-sc-toggle'><a href='#'>Comment puis-je en savoir plus sur les prestations de sant\u00e9 offertes aux membres?<\/a><\/h5><div class=\"dt-sc-toggle-content\" style=\"display: none;\"><div class=\"block\"><div id=\"tw-container\" class=\"\" data-cp=\"1\" data-is-ver=\"false\" data-nnttsvi=\"1\" data-sm=\"1\" data-sugg-time=\"500\" data-sugg-url=\"https:\/\/clients1.google.com\/complete\/search\" data-uilc=\"en\">\n<div id=\"tw-ob\" class=\"tw-src-ltr\">\n<div class=\"oSioSc\">\n<div id=\"tw-target\" class=\"\">\n<div id=\"kAz1tf\" class=\"g9WsWb\">\n<div id=\"tw-target-text-container\" class=\"tw-ta-container F0azHf tw-nfl\" tabindex=\"0\">\n<p id=\"tw-target-text\" class=\"tw-data-text tw-text-large tw-ta\" dir=\"ltr\" data-placeholder=\"Translation\"><span class=\"Y2IQFc\" lang=\"fr\">Les membres de la NFU \u00e0 travers le Canada ont acc\u00e8s \u00e0 un plan de sant\u00e9 de groupe, qui offre des tarifs comp\u00e9titifs pour vous et votre famille. Cliquez ici pour t\u00e9l\u00e9charger les d\u00e9tails du plan. Ou appelez Nicole DeCorby avec Regency Advisors au 1-877-837-3377 pour plus d&rsquo;informations.<\/span><\/p>\n<\/div>\n<\/div>\n<\/div>\n<\/div>\n<\/div>\n<\/div><\/div><\/div><h5 class='dt-sc-toggle'><a href='#'>Quels autres services sont disponibles pour moi en tant que membre de l'UNF-NB ?<\/a><\/h5><div class=\"dt-sc-toggle-content\" style=\"display: none;\"><div class=\"block\"><h3 id=\"tw-target-text\" class=\"tw-data-text tw-text-large tw-ta\" dir=\"ltr\" data-placeholder=\"Translation\"><span class=\"Y2IQFc\" lang=\"fr\">Pr\u00e9paration de la taxe agricole<\/span><\/h3>\n<p id=\"tw-target-text\" class=\"tw-data-text tw-text-large tw-ta\" dir=\"ltr\" data-placeholder=\"Translation\"><span class=\"Y2IQFc\" lang=\"fr\">Entre autres choses, l&rsquo;Union nationale des fermiers est heureux d&rsquo;offrir \u00e0 ses membres l&rsquo;acc\u00e8s \u00e0 un comptable pour r\u00e9pondre \u00e0 tous vos besoins en mati\u00e8re de comptabilit\u00e9. Notre comptable offre un service aux membres de l&rsquo;UNF-NB moyennant des frais nominaux et peut vous aider \u00e0 mettre en place un syst\u00e8me comptable qui fonctionnera pour vous et votre entreprise agricole.<\/span><\/p>\n<p>Pour plus d&rsquo;informations, appelez le bureau de l&rsquo;UNF-NB<\/div><\/div><h5 class='dt-sc-toggle'><a href='#'>Pourquoi ai-je besoin de mon num\u00e9ro RPAP ?<\/a><\/h5><div class=\"dt-sc-toggle-content\" style=\"display: none;\"><div class=\"block\"><div id=\"tw-container\" class=\"\" data-cp=\"1\" data-is-ver=\"false\" data-nnttsvi=\"1\" data-sm=\"1\" data-sugg-time=\"500\" data-sugg-url=\"https:\/\/clients1.google.com\/complete\/search\" data-uilc=\"en\">\n<div id=\"tw-ob\" class=\"tw-src-ltr\">\n<div class=\"oSioSc\">\n<div id=\"tw-target\" class=\"\">\n<div id=\"kAz1tf\" class=\"g9WsWb\">\n<div id=\"tw-target-text-container\" class=\"tw-ta-container F0azHf tw-nfl\" tabindex=\"0\">\n<p id=\"tw-target-text\" class=\"tw-data-text tw-text-large tw-ta\" dir=\"ltr\" data-placeholder=\"Translation\"><span class=\"Y2IQFc\" lang=\"fr\">Votre num\u00e9ro de producteur agricole professionnel enregistr\u00e9 est ce dont vous avez besoin pour acc\u00e9der au carburant d\u00e9tax\u00e9 pour les fermes, plaques d&rsquo;immatriculation agricoles. \u00c0 partir de 2016, vous ne recevrez plus de carte verte, vous recevrez \u00e0 la place une lettre avec votre num\u00e9ro. Vous devrez maintenant simplement fournir le num\u00e9ro \u00e0 votre fournisseur de carburant, ils v\u00e9rifieront qu&rsquo;il est exact sur un site Web en direct cr\u00e9\u00e9 par SNB.<\/span><\/p>\n<\/div>\n<\/div>\n<\/div>\n<\/div>\n<\/div>\n<\/div><\/div><\/div><h5 class='dt-sc-toggle'><a href='#'>J'ai d\u00fb acheter du carburant sans mon permis d'acheteur. Comment r\u00e9cup\u00e9rer mon argent ?<\/a><\/h5><div class=\"dt-sc-toggle-content\" style=\"display: none;\"><div class=\"block\"><div id=\"tw-container\" class=\"\" data-cp=\"1\" data-is-ver=\"false\" data-nnttsvi=\"1\" data-sm=\"1\" data-sugg-time=\"500\" data-sugg-url=\"https:\/\/clients1.google.com\/complete\/search\" data-uilc=\"en\">\n<div id=\"tw-ob\" class=\"tw-src-ltr\">\n<div class=\"oSioSc\">\n<div id=\"tw-target\" class=\"\">\n<div id=\"kAz1tf\" class=\"g9WsWb\">\n<div id=\"tw-target-text-container\" class=\"tw-ta-container F0azHf tw-nfl\" tabindex=\"0\">\n<p id=\"tw-target-text\" class=\"tw-data-text tw-text-large tw-ta\" dir=\"ltr\" data-placeholder=\"Translation\"><span class=\"Y2IQFc\" lang=\"fr\">T\u00e9l\u00e9chargez et remplissez la demande de remboursement de l&rsquo;essence et du carburant de l&rsquo;agriculteur ici. Il doit \u00eatre soumis dans les trois ans suivant la date d&rsquo;achat.<\/span><\/p>\n<\/div>\n<\/div>\n<\/div>\n<\/div>\n<\/div>\n<\/div><\/div><\/div><h5 class='dt-sc-toggle'><a href='#'>Comment renouveler mes plaques d'immatriculation agricoles (F-Plates ?)<\/a><\/h5><div class=\"dt-sc-toggle-content\" style=\"display: none;\"><div class=\"block\"><div id=\"tw-container\" class=\"\" data-cp=\"1\" data-is-ver=\"false\" data-nnttsvi=\"1\" data-sm=\"1\" data-sugg-time=\"500\" data-sugg-url=\"https:\/\/clients1.google.com\/complete\/search\" data-uilc=\"en\">\n<div id=\"tw-ob\" class=\"tw-src-ltr\">\n<div class=\"oSioSc\">\n<div id=\"tw-target\" class=\"\">\n<div id=\"kAz1tf\" class=\"g9WsWb\">\n<div id=\"tw-target-text-container\" class=\"tw-ta-container F0azHf tw-nfl\" tabindex=\"0\">\n<p id=\"tw-target-text\" class=\"tw-data-text tw-text-large tw-ta\" dir=\"ltr\" data-placeholder=\"Translation\"><span class=\"Y2IQFc\" lang=\"fr\">Vous pouvez renouveler vos plaques d&rsquo;immatriculation agricoles (plaques F) en ligne, par l&rsquo;interm\u00e9diaire des t\u00e9l\u00e9services de SNB ou en personne \u00e0 Service Nouveau-Brunswick. Actuellement, toutes les F-Plates expirent le 31 mars. \u00a0Assurez-vous d&rsquo;avoir votre num\u00e9ro RPAP actuel \u00e0 port\u00e9e de main pour vous assurer qu&rsquo;il n&rsquo;y a pas de retard.<\/span><\/p>\n<\/div>\n<\/div>\n<\/div>\n<\/div>\n<\/div>\n<\/div><\/div><\/div><\/div>[\/vc_column_inner][\/vc_row_inner][\/vc_column][\/vc_row]<\/p>\n<\/div>","protected":false},"excerpt":{"rendered":"<p>[vc_row css=\u00a0\u00bb.vc_custom_1640032898241{padding-top: 30px !important;padding-bottom: 20px !important;}\u00a0\u00bb][vc_column][vc_row_inner equal_height=\u00a0\u00bbyes\u00a0\u00bb content_placement=\u00a0\u00bbtop\u00a0\u00bb][vc_column_inner width=\u00a0\u00bb2\/3&Prime;][\/vc_column_inner][vc_column_inner el_align=\u00a0\u00bbcenter\u00a0\u00bb width=\u00a0\u00bb1\/3&Prime;][vc_single_image image=\u00a0\u00bb11619&Prime; img_size=\u00a0\u00bbfull\u00a0\u00bb alignment=\u00a0\u00bbcenter\u00a0\u00bb][\/vc_column_inner][\/vc_row_inner][\/vc_column][\/vc_row][vc_row full_width=\u00a0\u00bbstretch_row\u00a0\u00bb parallax=\u00a0\u00bbcontent-moving-fade\u00a0\u00bb parallax_speed_bg=\u00a0\u00bb2&Prime; css=\u00a0\u00bb.vc_custom_1640032553391{padding-top: 20px !important;padding-bottom: 20px !important;background-color: #f4e4b5 !important;}\u00a0\u00bb][vc_column][vc_row_inner content_placement=\u00a0\u00bbtop\u00a0\u00bb][vc_column_inner width=\u00a0\u00bb1\/3&Prime;][vc_single_image image=\u00a0\u00bb11621&Prime; img_size=\u00a0\u00bblarge\u00a0\u00bb alignment=\u00a0\u00bbcenter\u00a0\u00bb][\/vc_column_inner][vc_column_inner width=\u00a0\u00bb2\/3&Prime;][\/vc_column_inner][\/vc_row_inner][\/vc_column][\/vc_row]<\/p>\n","protected":false},"author":1,"featured_media":0,"parent":11741,"menu_order":3,"comment_status":"closed","ping_status":"closed","template":"","meta":{"footnotes":""},"class_list":["post-11754","page","type-page","status-publish","hentry"],"yoast_head":"<!-- This site is optimized with the Yoast SEO plugin v26.7 - https:\/\/yoast.com\/wordpress\/plugins\/seo\/ -->\n<title>FAQ - National Farmers Union in New Brunswick<\/title>\n<meta name=\"robots\" content=\"index, follow, max-snippet:-1, max-image-preview:large, max-video-preview:-1\" \/>\n<link rel=\"canonical\" href=\"https:\/\/www.nfunb.org\/fr\/devenir-membre\/faq\/\" \/>\n<meta property=\"og:locale\" content=\"fr_FR\" \/>\n<meta property=\"og:type\" content=\"article\" \/>\n<meta property=\"og:title\" content=\"FAQ - National Farmers Union in New Brunswick\" \/>\n<meta property=\"og:description\" content=\"[vc_row css=\u00a0\u00bb.vc_custom_1640032898241{padding-top: 30px !important;padding-bottom: 20px !important;}\u00a0\u00bb][vc_column][vc_row_inner equal_height=\u00a0\u00bbyes\u00a0\u00bb content_placement=\u00a0\u00bbtop\u00a0\u00bb][vc_column_inner width=\u00a0\u00bb2\/3&Prime;][\/vc_column_inner][vc_column_inner el_align=\u00a0\u00bbcenter\u00a0\u00bb width=\u00a0\u00bb1\/3&Prime;][vc_single_image image=\u00a0\u00bb11619&Prime; img_size=\u00a0\u00bbfull\u00a0\u00bb alignment=\u00a0\u00bbcenter\u00a0\u00bb][\/vc_column_inner][\/vc_row_inner][\/vc_column][\/vc_row][vc_row full_width=\u00a0\u00bbstretch_row\u00a0\u00bb parallax=\u00a0\u00bbcontent-moving-fade\u00a0\u00bb parallax_speed_bg=\u00a0\u00bb2&Prime; css=\u00a0\u00bb.vc_custom_1640032553391{padding-top: 20px !important;padding-bottom: 20px !important;background-color: #f4e4b5 !important;}\u00a0\u00bb][vc_column][vc_row_inner content_placement=\u00a0\u00bbtop\u00a0\u00bb][vc_column_inner width=\u00a0\u00bb1\/3&Prime;][vc_single_image image=\u00a0\u00bb11621&Prime; img_size=\u00a0\u00bblarge\u00a0\u00bb alignment=\u00a0\u00bbcenter\u00a0\u00bb][\/vc_column_inner][vc_column_inner width=\u00a0\u00bb2\/3&Prime;][\/vc_column_inner][\/vc_row_inner][\/vc_column][\/vc_row]\" \/>\n<meta property=\"og:url\" content=\"https:\/\/www.nfunb.org\/fr\/devenir-membre\/faq\/\" \/>\n<meta property=\"og:site_name\" content=\"National Farmers Union in New Brunswick\" \/>\n<meta property=\"article:publisher\" content=\"https:\/\/www.facebook.com\/NFUinNB\" \/>\n<meta property=\"article:modified_time\" content=\"2022-02-07T17:36:28+00:00\" \/>\n<meta name=\"twitter:card\" content=\"summary_large_image\" \/>\n<meta name=\"twitter:label1\" content=\"Dur\u00e9e de lecture estim\u00e9e\" \/>\n\t<meta name=\"twitter:data1\" content=\"5 minutes\" \/>\n<script type=\"application\/ld+json\" class=\"yoast-schema-graph\">{\"@context\":\"https:\/\/schema.org\",\"@graph\":[{\"@type\":\"WebPage\",\"@id\":\"https:\/\/www.nfunb.org\/fr\/devenir-membre\/faq\/\",\"url\":\"https:\/\/www.nfunb.org\/fr\/devenir-membre\/faq\/\",\"name\":\"FAQ - National Farmers Union in New Brunswick\",\"isPartOf\":{\"@id\":\"https:\/\/www.nfunb.org\/fr\/#website\"},\"datePublished\":\"2021-12-20T13:17:30+00:00\",\"dateModified\":\"2022-02-07T17:36:28+00:00\",\"breadcrumb\":{\"@id\":\"https:\/\/www.nfunb.org\/fr\/devenir-membre\/faq\/#breadcrumb\"},\"inLanguage\":\"fr-FR\",\"potentialAction\":[{\"@type\":\"ReadAction\",\"target\":[\"https:\/\/www.nfunb.org\/fr\/devenir-membre\/faq\/\"]}]},{\"@type\":\"BreadcrumbList\",\"@id\":\"https:\/\/www.nfunb.org\/fr\/devenir-membre\/faq\/#breadcrumb\",\"itemListElement\":[{\"@type\":\"ListItem\",\"position\":1,\"name\":\"Home\",\"item\":\"https:\/\/www.nfunb.org\/fr\/home\/\"},{\"@type\":\"ListItem\",\"position\":2,\"name\":\"Devenir membre\",\"item\":\"https:\/\/www.nfunb.org\/fr\/devenir-membre\/\"},{\"@type\":\"ListItem\",\"position\":3,\"name\":\"FAQ\"}]},{\"@type\":\"WebSite\",\"@id\":\"https:\/\/www.nfunb.org\/fr\/#website\",\"url\":\"https:\/\/www.nfunb.org\/fr\/\",\"name\":\"National Farmers Union in New Brunswick\",\"description\":\"Strong Communities. Sound Policies. Sustainable Farms\",\"publisher\":{\"@id\":\"https:\/\/www.nfunb.org\/fr\/#organization\"},\"potentialAction\":[{\"@type\":\"SearchAction\",\"target\":{\"@type\":\"EntryPoint\",\"urlTemplate\":\"https:\/\/www.nfunb.org\/fr\/?s={search_term_string}\"},\"query-input\":{\"@type\":\"PropertyValueSpecification\",\"valueRequired\":true,\"valueName\":\"search_term_string\"}}],\"inLanguage\":\"fr-FR\"},{\"@type\":\"Organization\",\"@id\":\"https:\/\/www.nfunb.org\/fr\/#organization\",\"name\":\"National Farmers Union in New Brunswick\",\"url\":\"https:\/\/www.nfunb.org\/fr\/\",\"logo\":{\"@type\":\"ImageObject\",\"inLanguage\":\"fr-FR\",\"@id\":\"https:\/\/www.nfunb.org\/fr\/#\/schema\/logo\/image\/\",\"url\":\"https:\/\/www.nfunb.org\/wp-content\/uploads\/2022\/01\/NFU_logo_CircleNB.png\",\"contentUrl\":\"https:\/\/www.nfunb.org\/wp-content\/uploads\/2022\/01\/NFU_logo_CircleNB.png\",\"width\":480,\"height\":480,\"caption\":\"National Farmers Union in New Brunswick\"},\"image\":{\"@id\":\"https:\/\/www.nfunb.org\/fr\/#\/schema\/logo\/image\/\"},\"sameAs\":[\"https:\/\/www.facebook.com\/NFUinNB\",\"https:\/\/www.instagram.com\/nfu.unf.nb\/\"]}]}<\/script>\n<!-- \/ Yoast SEO plugin. -->","yoast_head_json":{"title":"FAQ - National Farmers Union in New Brunswick","robots":{"index":"index","follow":"follow","max-snippet":"max-snippet:-1","max-image-preview":"max-image-preview:large","max-video-preview":"max-video-preview:-1"},"canonical":"https:\/\/www.nfunb.org\/fr\/devenir-membre\/faq\/","og_locale":"fr_FR","og_type":"article","og_title":"FAQ - National Farmers Union in New Brunswick","og_description":"[vc_row css=\u00a0\u00bb.vc_custom_1640032898241{padding-top: 30px !important;padding-bottom: 20px !important;}\u00a0\u00bb][vc_column][vc_row_inner equal_height=\u00a0\u00bbyes\u00a0\u00bb content_placement=\u00a0\u00bbtop\u00a0\u00bb][vc_column_inner width=\u00a0\u00bb2\/3&Prime;][\/vc_column_inner][vc_column_inner el_align=\u00a0\u00bbcenter\u00a0\u00bb width=\u00a0\u00bb1\/3&Prime;][vc_single_image image=\u00a0\u00bb11619&Prime; img_size=\u00a0\u00bbfull\u00a0\u00bb alignment=\u00a0\u00bbcenter\u00a0\u00bb][\/vc_column_inner][\/vc_row_inner][\/vc_column][\/vc_row][vc_row full_width=\u00a0\u00bbstretch_row\u00a0\u00bb parallax=\u00a0\u00bbcontent-moving-fade\u00a0\u00bb parallax_speed_bg=\u00a0\u00bb2&Prime; css=\u00a0\u00bb.vc_custom_1640032553391{padding-top: 20px !important;padding-bottom: 20px !important;background-color: #f4e4b5 !important;}\u00a0\u00bb][vc_column][vc_row_inner content_placement=\u00a0\u00bbtop\u00a0\u00bb][vc_column_inner width=\u00a0\u00bb1\/3&Prime;][vc_single_image image=\u00a0\u00bb11621&Prime; img_size=\u00a0\u00bblarge\u00a0\u00bb alignment=\u00a0\u00bbcenter\u00a0\u00bb][\/vc_column_inner][vc_column_inner width=\u00a0\u00bb2\/3&Prime;][\/vc_column_inner][\/vc_row_inner][\/vc_column][\/vc_row]","og_url":"https:\/\/www.nfunb.org\/fr\/devenir-membre\/faq\/","og_site_name":"National Farmers Union in New Brunswick","article_publisher":"https:\/\/www.facebook.com\/NFUinNB","article_modified_time":"2022-02-07T17:36:28+00:00","twitter_card":"summary_large_image","twitter_misc":{"Dur\u00e9e de lecture estim\u00e9e":"5 minutes"},"schema":{"@context":"https:\/\/schema.org","@graph":[{"@type":"WebPage","@id":"https:\/\/www.nfunb.org\/fr\/devenir-membre\/faq\/","url":"https:\/\/www.nfunb.org\/fr\/devenir-membre\/faq\/","name":"FAQ - National Farmers Union in New Brunswick","isPartOf":{"@id":"https:\/\/www.nfunb.org\/fr\/#website"},"datePublished":"2021-12-20T13:17:30+00:00","dateModified":"2022-02-07T17:36:28+00:00","breadcrumb":{"@id":"https:\/\/www.nfunb.org\/fr\/devenir-membre\/faq\/#breadcrumb"},"inLanguage":"fr-FR","potentialAction":[{"@type":"ReadAction","target":["https:\/\/www.nfunb.org\/fr\/devenir-membre\/faq\/"]}]},{"@type":"BreadcrumbList","@id":"https:\/\/www.nfunb.org\/fr\/devenir-membre\/faq\/#breadcrumb","itemListElement":[{"@type":"ListItem","position":1,"name":"Home","item":"https:\/\/www.nfunb.org\/fr\/home\/"},{"@type":"ListItem","position":2,"name":"Devenir membre","item":"https:\/\/www.nfunb.org\/fr\/devenir-membre\/"},{"@type":"ListItem","position":3,"name":"FAQ"}]},{"@type":"WebSite","@id":"https:\/\/www.nfunb.org\/fr\/#website","url":"https:\/\/www.nfunb.org\/fr\/","name":"National Farmers Union in New Brunswick","description":"Strong Communities. Sound Policies. Sustainable Farms","publisher":{"@id":"https:\/\/www.nfunb.org\/fr\/#organization"},"potentialAction":[{"@type":"SearchAction","target":{"@type":"EntryPoint","urlTemplate":"https:\/\/www.nfunb.org\/fr\/?s={search_term_string}"},"query-input":{"@type":"PropertyValueSpecification","valueRequired":true,"valueName":"search_term_string"}}],"inLanguage":"fr-FR"},{"@type":"Organization","@id":"https:\/\/www.nfunb.org\/fr\/#organization","name":"National Farmers Union in New Brunswick","url":"https:\/\/www.nfunb.org\/fr\/","logo":{"@type":"ImageObject","inLanguage":"fr-FR","@id":"https:\/\/www.nfunb.org\/fr\/#\/schema\/logo\/image\/","url":"https:\/\/www.nfunb.org\/wp-content\/uploads\/2022\/01\/NFU_logo_CircleNB.png","contentUrl":"https:\/\/www.nfunb.org\/wp-content\/uploads\/2022\/01\/NFU_logo_CircleNB.png","width":480,"height":480,"caption":"National Farmers Union in New Brunswick"},"image":{"@id":"https:\/\/www.nfunb.org\/fr\/#\/schema\/logo\/image\/"},"sameAs":["https:\/\/www.facebook.com\/NFUinNB","https:\/\/www.instagram.com\/nfu.unf.nb\/"]}]}},"_links":{"self":[{"href":"https:\/\/www.nfunb.org\/fr\/wp-json\/wp\/v2\/pages\/11754","targetHints":{"allow":["GET"]}}],"collection":[{"href":"https:\/\/www.nfunb.org\/fr\/wp-json\/wp\/v2\/pages"}],"about":[{"href":"https:\/\/www.nfunb.org\/fr\/wp-json\/wp\/v2\/types\/page"}],"author":[{"embeddable":true,"href":"https:\/\/www.nfunb.org\/fr\/wp-json\/wp\/v2\/users\/1"}],"replies":[{"embeddable":true,"href":"https:\/\/www.nfunb.org\/fr\/wp-json\/wp\/v2\/comments?post=11754"}],"version-history":[{"count":5,"href":"https:\/\/www.nfunb.org\/fr\/wp-json\/wp\/v2\/pages\/11754\/revisions"}],"predecessor-version":[{"id":12771,"href":"https:\/\/www.nfunb.org\/fr\/wp-json\/wp\/v2\/pages\/11754\/revisions\/12771"}],"up":[{"embeddable":true,"href":"https:\/\/www.nfunb.org\/fr\/wp-json\/wp\/v2\/pages\/11741"}],"wp:attachment":[{"href":"https:\/\/www.nfunb.org\/fr\/wp-json\/wp\/v2\/media?parent=11754"}],"curies":[{"name":"wp","href":"https:\/\/api.w.org\/{rel}","templated":true}]}}