{"id":11837,"date":"2016-12-17T09:05:19","date_gmt":"2016-12-17T09:05:19","guid":{"rendered":"https:\/\/nfunb.org\/wordpress\/ressources\/scholarships\/"},"modified":"2022-03-09T10:48:02","modified_gmt":"2022-03-09T14:48:02","slug":"bourses-d-etudes","status":"publish","type":"page","link":"https:\/\/www.nfunb.org\/fr\/ressources\/bourses-d-etudes\/","title":{"rendered":"Bourses d&rsquo;\u00e9tudes"},"content":{"rendered":"<div class=\"wpb-content-wrapper\"><p>[vc_row][vc_column]<div class='dt-sc-section-title aligncenter  '><h2><span>Bourses comm\u00e9moratives David Frost<\/span> et la bourse d'\u00e9tudes de l'union nationale des fermiers du N.-B.<\/h2><p>de 2011 \u00e0 2015<\/p><\/div>[vc_row_inner][vc_column_inner][vc_column_text]<\/p>\n<p id=\"tw-target-text\" class=\"tw-data-text tw-text-large tw-ta\" dir=\"ltr\" data-placeholder=\"Translation\"><span class=\"Y2IQFc\" lang=\"fr\">L&rsquo;UNF-NB a offert la bourse d&rsquo;\u00e9tudes David Frost Memorial et la bourse d&rsquo;\u00e9tudes de l&rsquo;Union nationale des fermiers du Nouveau-Brunswick de 2011 \u00e0 2015. \u00a0 Les bourses ne seront pas offertes en 2016. \u00a0 Merci de votre int\u00e9r\u00eat et nous vous souhaitons bonne chance avec votre bourse d&rsquo;\u00e9tudes en agriculture.<\/span><\/p>\n<p>[\/vc_column_text][\/vc_column_inner][\/vc_row_inner][\/vc_column][\/vc_row][vc_row][vc_column width=\u00a0\u00bb1\/2&Prime;]<div class='dt-sc-section-title aligncenter  '><h2><span>Rencontrez les<\/span> boursiers 2015<\/h2><p><\/p><\/div>[vc_custom_heading text=\u00a0\u00bbL&rsquo;union nationale des fermiers du Nouveau-Brunswick est heureux d&rsquo;annoncer officiellement les gagnants de la bourse d&rsquo;\u00e9tudes UNF-NB 2015 et de la bourse comm\u00e9morative David Frost, d\u00e9cern\u00e9es aux dipl\u00f4m\u00e9s du secondaire du Nouveau-Brunswick poursuivant des \u00e9tudes en agriculture ou dans un domaine connexe. Le pr\u00e9sident du comit\u00e9 de s\u00e9lection des bourses d&rsquo;\u00e9tudes, Harold votre cholest\u00e9rol faq com, de Waterville, comt\u00e9 de Carleton, a fait l&rsquo;annonce lors du congr\u00e8s annuel de la r\u00e9gion 1 de l&rsquo;Union nationale des fermiers le 11 ao\u00fbt 2015.<\/p>\n<p>Nous vous souhaitons \u00e0 tous les deux bonne chance dans vos \u00e9tudes !\u00a0\u00bb font_container=\u00a0\u00bbtag:p|text_align:left\u00a0\u00bb use_theme_fonts=\u00a0\u00bbyes\u00a0\u00bb]<div class='dt-sc-hr-invisible-small '> <\/div>[vc_row_inner][vc_column_inner width=\u00a0\u00bb1\/3&Prime;][vc_single_image image=\u00a0\u00bb11492&Prime; img_size=\u00a0\u00bbfull\u00a0\u00bb alignment=\u00a0\u00bbcenter\u00a0\u00bb style=\u00a0\u00bbvc_box_circle_2&Prime;][\/vc_column_inner][vc_column_inner width=\u00a0\u00bb2\/3&Prime;][vc_column_text]<\/p>\n<p id=\"tw-target-text\" class=\"tw-data-text tw-text-large tw-ta\" dir=\"ltr\" data-placeholder=\"Translation\"><span class=\"Y2IQFc\" lang=\"fr\"><strong>Jacob Tjibbe van Roeden<\/strong>\u00a0est le <strong>r\u00e9cipiendaire de la\u00a0bourse d&rsquo;\u00e9tudes 1000\u00a0$ NFU-NB<\/strong>\u00a0pour la fille ou le fils d&rsquo;un membre NFU-NB entrant dans un programme menant \u00e0 un dipl\u00f4me. Il entreprendra un baccalaur\u00e9at \u00e8s sciences en agriculture \u00e0 l&rsquo;Universit\u00e9 de Guelph et pr\u00e9voit retourner \u00e0 la ferme laiti\u00e8re de sa famille apr\u00e8s ses \u00e9tudes.<\/span><\/p>\n<p>[\/vc_column_text][\/vc_column_inner][\/vc_row_inner]<div class='dt-sc-single-line-separator '><\/div>[vc_row_inner][vc_column_inner width=\u00a0\u00bb1\/3&Prime;][vc_single_image image=\u00a0\u00bb11494&Prime; img_size=\u00a0\u00bbfull\u00a0\u00bb alignment=\u00a0\u00bbcenter\u00a0\u00bb style=\u00a0\u00bbvc_box_circle_2&Prime;][\/vc_column_inner][vc_column_inner width=\u00a0\u00bb2\/3&Prime;][vc_column_text]<\/p>\n<p id=\"tw-target-text\" class=\"tw-data-text tw-text-large tw-ta\" dir=\"ltr\" data-placeholder=\"Translation\"><span class=\"Y2IQFc\" lang=\"fr\"><strong>Tyler Culberson<\/strong>\u00a0est le <strong>r\u00e9cipiendaire de la bourse com\u00e9mmorative de 500 $ David Frost<\/strong> pour un \u00e9tudiant entrant dans un programme menant \u00e0 un dipl\u00f4me. Tyler \u00e9tudiera la menuiserie au Coll\u00e8ge communautaire de Woodstock afin d&rsquo;acqu\u00e9rir des comp\u00e9tences pratiques pour aider \u00e0 la ferme.<\/span><\/p>\n<p>[\/vc_column_text][\/vc_column_inner][\/vc_row_inner]<div class='dt-sc-hr-invisible-small '> <\/div>[vc_column_text]<\/p>\n<p id=\"tw-target-text\" class=\"tw-data-text tw-text-large tw-ta\" dir=\"ltr\" data-placeholder=\"Translation\"><span class=\"Y2IQFc\" lang=\"fr\">Les membres du comit\u00e9 des bourses de l&rsquo;UNF-NB ont choisi les gagnants parmi les candidatures m\u00e9ritantes soumises dans toute la province. La s\u00e9lection est bas\u00e9e sur l&rsquo;engagement des candidats \u00e0 \u00e9tudier l&rsquo;agriculture ou un domaine connexe, et sur leur performance au lyc\u00e9e, ainsi que sur leur implication dans l&rsquo;agriculture et leurs besoins financiers. Les bourses David Frost Memorial ont \u00e9t\u00e9 cr\u00e9\u00e9es par l&rsquo;UNF-NB il y a quatre ans pour honorer la m\u00e9moire de David Frost, un agronome respect\u00e9 d\u00e9c\u00e9d\u00e9 en mars 2010. <\/span><\/p>\n<p class=\"tw-data-text tw-text-large tw-ta\" dir=\"ltr\" data-placeholder=\"Translation\"><span class=\"Y2IQFc\" lang=\"fr\">Les demandes de bourses seront \u00e0 nouveau disponibles cet automne aupr\u00e8s des conseillers d&rsquo;orientation des \u00e9coles secondaires de toute la province et des membres de l&rsquo;UNF-NB.<\/span><\/p>\n<p>[\/vc_column_text][vc_row_inner][vc_column_inner el_align=\u00a0\u00bbcenter\u00a0\u00bb]<a href='https:\/\/nfunb.org\/wp-content\/uploads\/2021\/12\/NFU-NB-Scholarships-2015-Press-Release.pdf' target='_blank' title='' class='dt-sc-button   medium icon-right with-icon  green filled  ' > T\u00e9l\u00e9charger le communiqu\u00e9 de presse 2015 (PDF) <span class='lnr lnr-download'> <\/span><\/a>[\/vc_column_inner][\/vc_row_inner][\/vc_column][vc_column width=\u00a0\u00bb1\/2&Prime;]<div class='dt-sc-section-title aligncenter  '><h2><span>Rencontrez les<\/span> boursiers 2014<\/h2><p><\/p><\/div>[vc_custom_heading text=\u00a0\u00bbL&rsquo;Union nationale des agriculteurs du Nouveau-Brunswick est heureux d&rsquo;annoncer officiellement les gagnants de la bourse 2014 UNF in NB et des bourses comm\u00e9moratives David Frost, d\u00e9cern\u00e9es aux dipl\u00f4m\u00e9s du secondaire du Nouveau-Brunswick poursuivant des \u00e9tudes en agriculture ou dans un domaine connexe. Les Nations Unies ont d\u00e9clar\u00e9 2014 l&rsquo;Ann\u00e9e internationale de l&rsquo;agriculture familiale; encourager les jeunes \u00e0 poursuivre une carri\u00e8re en agriculture n&rsquo;est qu&rsquo;une des nombreuses fa\u00e7ons dont l&rsquo;UNF au Nouveau-Brunswick fait la promotion d&rsquo;une agriculture locale et durable.<\/p>\n<p>Harold Culberson, directeur de l&rsquo;UNF au Nouveau-Brunswick et pr\u00e9sident du comit\u00e9 de s\u00e9lection, de Waterville, dans le comt\u00e9 de Carleton, en a fait l&rsquo;annonce lors du congr\u00e8s r\u00e9gional annuel de l&rsquo;Union nationale des fermiers plus t\u00f4t cette ann\u00e9e.\u00a0\u00bb font_container=\u00a0\u00bbtag:p|text_align:left\u00a0\u00bb use_theme_fonts=\u00a0\u00bbyes\u00a0\u00bb]<div class='dt-sc-hr-invisible-small '> <\/div>[vc_row_inner][vc_column_inner width=\u00a0\u00bb1\/3&Prime;][vc_single_image img_size=\u00a0\u00bbfull\u00a0\u00bb alignment=\u00a0\u00bbcenter\u00a0\u00bb style=\u00a0\u00bbvc_box_circle_2&Prime;][\/vc_column_inner][vc_column_inner width=\u00a0\u00bb2\/3&Prime;][vc_column_text]<\/p>\n<p id=\"tw-target-text\" class=\"tw-data-text tw-text-large tw-ta\" dir=\"ltr\" data-placeholder=\"Translation\"><span class=\"Y2IQFc\" lang=\"fr\"><strong>J. Andrew Hornbrook<\/strong> de Mt. Middleton est le<strong> r\u00e9cipiendaire 2014 de la bourse comm\u00e9morative David Frost<\/strong> pour un dipl\u00f4m\u00e9 accept\u00e9 dans un programme menant \u00e0 un dipl\u00f4me de deux ans. Hornbrook fr\u00e9quentera l&rsquo;Universit\u00e9 Dalhousie de Truro (anciennement NSAC) pour obtenir un dipl\u00f4me en technologie (produits laitiers) et il recevra 500 $ \u00e0 son retour en classe en janvier prochain.<\/span><\/p>\n<p>[\/vc_column_text][\/vc_column_inner][\/vc_row_inner]<div class='dt-sc-single-line-separator '><\/div>[vc_row_inner][vc_column_inner width=\u00a0\u00bb1\/3&Prime;][vc_single_image img_size=\u00a0\u00bbfull\u00a0\u00bb alignment=\u00a0\u00bbcenter\u00a0\u00bb style=\u00a0\u00bbvc_box_circle_2&Prime;][\/vc_column_inner][vc_column_inner width=\u00a0\u00bb2\/3&Prime;][vc_column_text]<\/p>\n<p id=\"tw-target-text\" class=\"tw-data-text tw-text-large tw-ta\" dir=\"ltr\" data-placeholder=\"Translation\"><span class=\"Y2IQFc\" lang=\"fr\"><strong>Katie McCallum<\/strong> de Tabusintac et <strong>Emma Allen<\/strong> de Keswick Ridge sont toutes deux <strong>r\u00e9cipiendaires des bourses comm\u00e9moratives David Frost<\/strong> pour les dipl\u00f4m\u00e9s accept\u00e9s dans des programmes menant \u00e0 un grade. McCallum est inscrit \u00e0 un baccalaur\u00e9at \u00e8s sciences en agriculture (sciences v\u00e9g\u00e9tales) \u00e0 l&rsquo;Universit\u00e9 Dalhousie de Truro. Allen ira \u00e0 l&rsquo;Universit\u00e9 de Guelph pour obtenir un baccalaur\u00e9at \u00e8s sciences en agriculture. McCallum et Allen recevront tous deux 1 000 $ \u00e0 leur retour en classe en janvier 2015.<\/span><\/p>\n<p>[\/vc_column_text][\/vc_column_inner][\/vc_row_inner]<div class='dt-sc-single-line-separator '><\/div>[vc_row_inner][vc_column_inner width=\u00a0\u00bb1\/3&Prime;][vc_single_image img_size=\u00a0\u00bbfull\u00a0\u00bb alignment=\u00a0\u00bbcenter\u00a0\u00bb style=\u00a0\u00bbvc_box_circle_2&Prime;][\/vc_column_inner][vc_column_inner width=\u00a0\u00bb2\/3&Prime;][vc_column_text]<\/p>\n<p id=\"tw-target-text\" class=\"tw-data-text tw-text-large tw-ta\" dir=\"ltr\" data-placeholder=\"Translation\"><span class=\"Y2IQFc\" lang=\"fr\"><strong>Stevee Graham<\/strong> de Long Settlement, comt\u00e9 de Carleton, est inscrite \u00e0 un programme menant \u00e0 un dipl\u00f4me en g\u00e9nie m\u00e9canique \u00e0 l&rsquo;Universit\u00e9 Carleton \u00e0 Ottawa et <strong>recevra la bourse de 1000 $ UNF au Nouveau-Brunswick<\/strong> lors de la confirmation de son retour aux cours en janvier 2015.<\/span><\/p>\n<p>[\/vc_column_text][\/vc_column_inner][\/vc_row_inner]<div class='dt-sc-hr-invisible-small '> <\/div>[vc_column_text]<\/p>\n<p id=\"tw-target-text\" class=\"tw-data-text tw-text-large tw-ta\" dir=\"ltr\" data-placeholder=\"Translation\"><span class=\"Y2IQFc\" lang=\"fr\">Les membres du comit\u00e9 des bourses de l&rsquo;UNF au NB ont choisi les gagnants parmi les candidatures m\u00e9ritantes soumises autour de la s\u00e9lection est bas\u00e9e sur l&rsquo;engagement des candidats \u00e0 \u00e9tudier l&rsquo;agriculture ou un domaine connexe, et sur leur performance au lyc\u00e9e, ainsi que leur implication dans l&rsquo;agriculture et la finance avoir besoin. Les bourses comm\u00e9moratives David Frost ont \u00e9t\u00e9 cr\u00e9\u00e9es par la NFU au Nouveau-Brunswick il y a quatre ans pour honorer la m\u00e9moire de David Frost, un agronome respect\u00e9 d\u00e9c\u00e9d\u00e9 en mars 2010. <\/span><\/p>\n<p class=\"tw-data-text tw-text-large tw-ta\" dir=\"ltr\" data-placeholder=\"Translation\"><span class=\"Y2IQFc\" lang=\"fr\">L&rsquo;UNF au Nouveau-Brunswick est une organisation agricole g\u00e9n\u00e9rale accr\u00e9dit\u00e9e repr\u00e9sentant les familles agricoles dans tous les produits agricoles. Les membres de la NFU estiment que les probl\u00e8mes auxquels sont confront\u00e9s les agriculteurs sont des probl\u00e8mes communs et que les agriculteurs produisant divers produits doivent travailler ensemble pour proposer des solutions efficaces. La NFU travaille \u00e0 l&rsquo;\u00e9laboration de politiques \u00e9conomiques et sociales qui maintiendront la ferme familiale comme principale unit\u00e9 de production alimentaire. <\/span><\/p>\n<p class=\"tw-data-text tw-text-large tw-ta\" dir=\"ltr\" data-placeholder=\"Translation\"><span class=\"Y2IQFc\" lang=\"fr\">Les demandes de bourses seront \u00e0 nouveau disponibles cet automne aupr\u00e8s des conseillers d&rsquo;orientation des \u00e9coles secondaires de toute la province et des membres de l&rsquo;UNF au Nouveau-Brunswick.<\/span><\/p>\n<p>[\/vc_column_text][vc_row_inner][vc_column_inner el_align=\u00a0\u00bbcenter\u00a0\u00bb]<a href='https:\/\/nfunb.org\/wp-content\/uploads\/2021\/12\/Media-release-Scholarship-Winners-2014-October-release.pdf' target='_self' title='' class='dt-sc-button   medium icon-right with-icon  green filled  ' > T\u00e9l\u00e9charger le communiqu\u00e9 de presse 2014 (PDF) <span class='lnr lnr-download'> <\/span><\/a>[\/vc_column_inner][\/vc_row_inner][\/vc_column][\/vc_row]<\/p>\n<\/div>","protected":false},"excerpt":{"rendered":"<p>[vc_row][vc_column][vc_row_inner][vc_column_inner][vc_column_text] L&rsquo;UNF-NB a offert la bourse d&rsquo;\u00e9tudes David Frost Memorial et la bourse d&rsquo;\u00e9tudes de l&rsquo;Union nationale des fermiers du Nouveau-Brunswick de 2011 \u00e0 2015. \u00a0 Les bourses ne seront [&hellip;]<\/p>\n","protected":false},"author":1,"featured_media":0,"parent":11833,"menu_order":0,"comment_status":"closed","ping_status":"closed","template":"","meta":{"footnotes":""},"class_list":["post-11837","page","type-page","status-publish","hentry"],"yoast_head":"<!-- This site is optimized with the Yoast SEO plugin v26.7 - https:\/\/yoast.com\/wordpress\/plugins\/seo\/ -->\n<title>Bourses d&#039;\u00e9tudes - National Farmers Union in New Brunswick<\/title>\n<meta name=\"robots\" content=\"index, follow, max-snippet:-1, max-image-preview:large, max-video-preview:-1\" \/>\n<link rel=\"canonical\" href=\"https:\/\/www.nfunb.org\/fr\/ressources\/bourses-d-etudes\/\" \/>\n<meta property=\"og:locale\" content=\"fr_FR\" \/>\n<meta property=\"og:type\" content=\"article\" \/>\n<meta property=\"og:title\" content=\"Bourses d&#039;\u00e9tudes - National Farmers Union in New Brunswick\" \/>\n<meta property=\"og:description\" content=\"[vc_row][vc_column][vc_row_inner][vc_column_inner][vc_column_text] L&rsquo;UNF-NB a offert la bourse d&rsquo;\u00e9tudes David Frost Memorial et la bourse d&rsquo;\u00e9tudes de l&rsquo;Union nationale des fermiers du Nouveau-Brunswick de 2011 \u00e0 2015. \u00a0 Les bourses ne seront [&hellip;]\" \/>\n<meta property=\"og:url\" content=\"https:\/\/www.nfunb.org\/fr\/ressources\/bourses-d-etudes\/\" \/>\n<meta property=\"og:site_name\" content=\"National Farmers Union in New Brunswick\" \/>\n<meta property=\"article:publisher\" content=\"https:\/\/www.facebook.com\/NFUinNB\" \/>\n<meta property=\"article:modified_time\" content=\"2022-03-09T14:48:02+00:00\" \/>\n<meta name=\"twitter:card\" content=\"summary_large_image\" \/>\n<meta name=\"twitter:label1\" content=\"Dur\u00e9e de lecture estim\u00e9e\" \/>\n\t<meta name=\"twitter:data1\" content=\"7 minutes\" \/>\n<script type=\"application\/ld+json\" class=\"yoast-schema-graph\">{\"@context\":\"https:\/\/schema.org\",\"@graph\":[{\"@type\":\"WebPage\",\"@id\":\"https:\/\/www.nfunb.org\/fr\/ressources\/bourses-d-etudes\/\",\"url\":\"https:\/\/www.nfunb.org\/fr\/ressources\/bourses-d-etudes\/\",\"name\":\"Bourses d'\u00e9tudes - National Farmers Union in New Brunswick\",\"isPartOf\":{\"@id\":\"https:\/\/www.nfunb.org\/fr\/#website\"},\"datePublished\":\"2016-12-17T09:05:19+00:00\",\"dateModified\":\"2022-03-09T14:48:02+00:00\",\"breadcrumb\":{\"@id\":\"https:\/\/www.nfunb.org\/fr\/ressources\/bourses-d-etudes\/#breadcrumb\"},\"inLanguage\":\"fr-FR\",\"potentialAction\":[{\"@type\":\"ReadAction\",\"target\":[\"https:\/\/www.nfunb.org\/fr\/ressources\/bourses-d-etudes\/\"]}]},{\"@type\":\"BreadcrumbList\",\"@id\":\"https:\/\/www.nfunb.org\/fr\/ressources\/bourses-d-etudes\/#breadcrumb\",\"itemListElement\":[{\"@type\":\"ListItem\",\"position\":1,\"name\":\"Home\",\"item\":\"https:\/\/www.nfunb.org\/fr\/home\/\"},{\"@type\":\"ListItem\",\"position\":2,\"name\":\"Ressources\",\"item\":\"https:\/\/www.nfunb.org\/fr\/ressources\/\"},{\"@type\":\"ListItem\",\"position\":3,\"name\":\"Bourses d&#8217;\u00e9tudes\"}]},{\"@type\":\"WebSite\",\"@id\":\"https:\/\/www.nfunb.org\/fr\/#website\",\"url\":\"https:\/\/www.nfunb.org\/fr\/\",\"name\":\"National Farmers Union in New Brunswick\",\"description\":\"Strong Communities. Sound Policies. Sustainable Farms\",\"publisher\":{\"@id\":\"https:\/\/www.nfunb.org\/fr\/#organization\"},\"potentialAction\":[{\"@type\":\"SearchAction\",\"target\":{\"@type\":\"EntryPoint\",\"urlTemplate\":\"https:\/\/www.nfunb.org\/fr\/?s={search_term_string}\"},\"query-input\":{\"@type\":\"PropertyValueSpecification\",\"valueRequired\":true,\"valueName\":\"search_term_string\"}}],\"inLanguage\":\"fr-FR\"},{\"@type\":\"Organization\",\"@id\":\"https:\/\/www.nfunb.org\/fr\/#organization\",\"name\":\"National Farmers Union in New Brunswick\",\"url\":\"https:\/\/www.nfunb.org\/fr\/\",\"logo\":{\"@type\":\"ImageObject\",\"inLanguage\":\"fr-FR\",\"@id\":\"https:\/\/www.nfunb.org\/fr\/#\/schema\/logo\/image\/\",\"url\":\"https:\/\/www.nfunb.org\/wp-content\/uploads\/2022\/01\/NFU_logo_CircleNB.png\",\"contentUrl\":\"https:\/\/www.nfunb.org\/wp-content\/uploads\/2022\/01\/NFU_logo_CircleNB.png\",\"width\":480,\"height\":480,\"caption\":\"National Farmers Union in New Brunswick\"},\"image\":{\"@id\":\"https:\/\/www.nfunb.org\/fr\/#\/schema\/logo\/image\/\"},\"sameAs\":[\"https:\/\/www.facebook.com\/NFUinNB\",\"https:\/\/www.instagram.com\/nfu.unf.nb\/\"]}]}<\/script>\n<!-- \/ Yoast SEO plugin. -->","yoast_head_json":{"title":"Bourses d'\u00e9tudes - National Farmers Union in New Brunswick","robots":{"index":"index","follow":"follow","max-snippet":"max-snippet:-1","max-image-preview":"max-image-preview:large","max-video-preview":"max-video-preview:-1"},"canonical":"https:\/\/www.nfunb.org\/fr\/ressources\/bourses-d-etudes\/","og_locale":"fr_FR","og_type":"article","og_title":"Bourses d'\u00e9tudes - National Farmers Union in New Brunswick","og_description":"[vc_row][vc_column][vc_row_inner][vc_column_inner][vc_column_text] L&rsquo;UNF-NB a offert la bourse d&rsquo;\u00e9tudes David Frost Memorial et la bourse d&rsquo;\u00e9tudes de l&rsquo;Union nationale des fermiers du Nouveau-Brunswick de 2011 \u00e0 2015. \u00a0 Les bourses ne seront [&hellip;]","og_url":"https:\/\/www.nfunb.org\/fr\/ressources\/bourses-d-etudes\/","og_site_name":"National Farmers Union in New Brunswick","article_publisher":"https:\/\/www.facebook.com\/NFUinNB","article_modified_time":"2022-03-09T14:48:02+00:00","twitter_card":"summary_large_image","twitter_misc":{"Dur\u00e9e de lecture estim\u00e9e":"7 minutes"},"schema":{"@context":"https:\/\/schema.org","@graph":[{"@type":"WebPage","@id":"https:\/\/www.nfunb.org\/fr\/ressources\/bourses-d-etudes\/","url":"https:\/\/www.nfunb.org\/fr\/ressources\/bourses-d-etudes\/","name":"Bourses d'\u00e9tudes - National Farmers Union in New Brunswick","isPartOf":{"@id":"https:\/\/www.nfunb.org\/fr\/#website"},"datePublished":"2016-12-17T09:05:19+00:00","dateModified":"2022-03-09T14:48:02+00:00","breadcrumb":{"@id":"https:\/\/www.nfunb.org\/fr\/ressources\/bourses-d-etudes\/#breadcrumb"},"inLanguage":"fr-FR","potentialAction":[{"@type":"ReadAction","target":["https:\/\/www.nfunb.org\/fr\/ressources\/bourses-d-etudes\/"]}]},{"@type":"BreadcrumbList","@id":"https:\/\/www.nfunb.org\/fr\/ressources\/bourses-d-etudes\/#breadcrumb","itemListElement":[{"@type":"ListItem","position":1,"name":"Home","item":"https:\/\/www.nfunb.org\/fr\/home\/"},{"@type":"ListItem","position":2,"name":"Ressources","item":"https:\/\/www.nfunb.org\/fr\/ressources\/"},{"@type":"ListItem","position":3,"name":"Bourses d&#8217;\u00e9tudes"}]},{"@type":"WebSite","@id":"https:\/\/www.nfunb.org\/fr\/#website","url":"https:\/\/www.nfunb.org\/fr\/","name":"National Farmers Union in New Brunswick","description":"Strong Communities. Sound Policies. Sustainable Farms","publisher":{"@id":"https:\/\/www.nfunb.org\/fr\/#organization"},"potentialAction":[{"@type":"SearchAction","target":{"@type":"EntryPoint","urlTemplate":"https:\/\/www.nfunb.org\/fr\/?s={search_term_string}"},"query-input":{"@type":"PropertyValueSpecification","valueRequired":true,"valueName":"search_term_string"}}],"inLanguage":"fr-FR"},{"@type":"Organization","@id":"https:\/\/www.nfunb.org\/fr\/#organization","name":"National Farmers Union in New Brunswick","url":"https:\/\/www.nfunb.org\/fr\/","logo":{"@type":"ImageObject","inLanguage":"fr-FR","@id":"https:\/\/www.nfunb.org\/fr\/#\/schema\/logo\/image\/","url":"https:\/\/www.nfunb.org\/wp-content\/uploads\/2022\/01\/NFU_logo_CircleNB.png","contentUrl":"https:\/\/www.nfunb.org\/wp-content\/uploads\/2022\/01\/NFU_logo_CircleNB.png","width":480,"height":480,"caption":"National Farmers Union in New Brunswick"},"image":{"@id":"https:\/\/www.nfunb.org\/fr\/#\/schema\/logo\/image\/"},"sameAs":["https:\/\/www.facebook.com\/NFUinNB","https:\/\/www.instagram.com\/nfu.unf.nb\/"]}]}},"_links":{"self":[{"href":"https:\/\/www.nfunb.org\/fr\/wp-json\/wp\/v2\/pages\/11837","targetHints":{"allow":["GET"]}}],"collection":[{"href":"https:\/\/www.nfunb.org\/fr\/wp-json\/wp\/v2\/pages"}],"about":[{"href":"https:\/\/www.nfunb.org\/fr\/wp-json\/wp\/v2\/types\/page"}],"author":[{"embeddable":true,"href":"https:\/\/www.nfunb.org\/fr\/wp-json\/wp\/v2\/users\/1"}],"replies":[{"embeddable":true,"href":"https:\/\/www.nfunb.org\/fr\/wp-json\/wp\/v2\/comments?post=11837"}],"version-history":[{"count":4,"href":"https:\/\/www.nfunb.org\/fr\/wp-json\/wp\/v2\/pages\/11837\/revisions"}],"predecessor-version":[{"id":12943,"href":"https:\/\/www.nfunb.org\/fr\/wp-json\/wp\/v2\/pages\/11837\/revisions\/12943"}],"up":[{"embeddable":true,"href":"https:\/\/www.nfunb.org\/fr\/wp-json\/wp\/v2\/pages\/11833"}],"wp:attachment":[{"href":"https:\/\/www.nfunb.org\/fr\/wp-json\/wp\/v2\/media?parent=11837"}],"curies":[{"name":"wp","href":"https:\/\/api.w.org\/{rel}","templated":true}]}}