{"id":11849,"date":"2021-12-20T13:25:48","date_gmt":"2021-12-20T13:25:48","guid":{"rendered":"https:\/\/nfunb.org\/wordpress\/ressources\/environmental-farm-plan\/"},"modified":"2022-03-09T10:49:18","modified_gmt":"2022-03-09T14:49:18","slug":"plan-environnemental-de-la-ferme","status":"publish","type":"page","link":"https:\/\/www.nfunb.org\/fr\/ressources\/plan-environnemental-de-la-ferme\/","title":{"rendered":"Plan environnemental de la ferme"},"content":{"rendered":"<div class=\"wpb-content-wrapper\"><p>[vc_row][vc_column]<div class='dt-sc-hr-invisible-medium '> <\/div><div class='dt-sc-section-title aligncenter  '><h2><span>Plan environnemental<\/span> de la ferme<\/h2><p><\/p><\/div>[vc_row_inner][vc_column_inner width=\u00a0\u00bb1\/2&Prime;][vc_single_image image=\u00a0\u00bb11523&Prime; img_size=\u00a0\u00bbfull\u00a0\u00bb alignment=\u00a0\u00bbcenter\u00a0\u00bb css=\u00a0\u00bb.vc_custom_1640097377038{margin-top: 50px !important;margin-bottom: 0px !important;}\u00a0\u00bb][\/vc_column_inner][vc_column_inner width=\u00a0\u00bb1\/2&Prime;]<div class='dt-sc-section-title aligncenter  '><h3><span>Qu'est-ce qu'un<\/span> PEF?<\/h3><p><\/p><\/div><div class='dt-sc-hr-invisible-small '> <\/div>[vc_column_text]<\/p>\n<p id=\"tw-target-text\" class=\"tw-data-text tw-text-large tw-ta\" dir=\"ltr\" data-placeholder=\"Translation\"><span class=\"Y2IQFc\" lang=\"fr\">La planification environnementale de la ferme est un processus volontaire et confidentiel utilis\u00e9 par les gestionnaires de ferme pour identifier les forces environnementales et les risques environnementaux potentiels dans leurs exploitations agricoles et pour \u00e9laborer un plan d&rsquo;action pour r\u00e9duire les risques.<\/span><\/p>\n<p>[\/vc_column_text][vc_column_text]<\/p>\n<p id=\"tw-target-text\" class=\"tw-data-text tw-text-large tw-ta\" dir=\"ltr\" data-placeholder=\"Translation\"><span class=\"Y2IQFc\" lang=\"fr\">Au Nouveau-Brunswick, le Programme de planification environnementale \u00e0 la ferme est offert par des organismes non gouvernementaux. <a href=\"mailto:john@fermenbfarm.ca\">John Russell<\/a> est l&rsquo;actuel coordonnateur du PEF et est responsable de la prestation des ateliers du PEF. Le Centre de conservation des sols et de l&rsquo;eau de l&rsquo;Est du Canada examine et valide ensuite chaque PEF. Le programme est un \u00e9l\u00e9ment majeur de Cultivons l&rsquo;avenir, une entente f\u00e9d\u00e9rale-provinciale-territoriale sur la politique agricole et agroalimentaire.<\/span><\/p>\n<p>[\/vc_column_text][\/vc_column_inner][\/vc_row_inner][\/vc_column][\/vc_row][vc_row full_width=\u00a0\u00bbstretch_row\u00a0\u00bb css=\u00a0\u00bb.vc_custom_1482922243196{padding-top: 100px !important;padding-bottom: 100px !important;background-color: #f6f3ec !important;}\u00a0\u00bb][vc_column]<div class='dt-sc-section-title aligncenter  '><h3><span>Pourquoi avoir<\/span> un PEF?<\/h3><p><\/p><\/div>[vc_row_inner][vc_column_inner width=\u00a0\u00bb2\/3&Prime;][vc_column_text]<\/p>\n<p id=\"tw-target-text\" class=\"tw-data-text tw-text-large tw-ta\" dir=\"ltr\" data-placeholder=\"Translation\"><strong><span class=\"Y2IQFc\" lang=\"fr\">Pour votre famille et vos travailleurs<\/span>:<\/strong><\/p>\n<p id=\"tw-target-text\" class=\"tw-data-text tw-text-large tw-ta\" dir=\"ltr\" data-placeholder=\"Translation\"><span class=\"Y2IQFc\" lang=\"fr\">Assurez leur sant\u00e9 et leur s\u00e9curit\u00e9 en identifiant et en traitant les risques environnementaux \u00e0 la ferme.<\/span><\/p>\n<p>[\/vc_column_text][vc_column_text]<\/p>\n<h4><strong>Pour votre entreprise<\/strong>:<\/h4>\n<p id=\"tw-target-text\" class=\"tw-data-text tw-text-large tw-ta\" dir=\"ltr\" data-placeholder=\"Translation\"><span class=\"Y2IQFc\" lang=\"fr\">Un nombre croissant de vos clients veulent savoir que leurs aliments sont produits dans le respect de l&rsquo;environnement. La r\u00e9duction des risques environnementaux peut r\u00e9duire vos co\u00fbts de production, augmentant ainsi la rentabilit\u00e9 de votre ferme. Il en co\u00fbte moins cher de pr\u00e9venir les probl\u00e8mes environnementaux que de les corriger. <\/span><\/p>\n<p class=\"tw-data-text tw-text-large tw-ta\" dir=\"ltr\" data-placeholder=\"Translation\"><span class=\"Y2IQFc\" lang=\"fr\">Avec un plan agroenvironnemental, vous pourriez \u00eatre admissible \u00e0 un financement f\u00e9d\u00e9ral et provincial et \u00e0 une assistance technique pour vous aider \u00e0 r\u00e9duire les risques et\/ou \u00e0 augmenter les avantages pour l&rsquo;environnement.<\/span><\/p>\n<p>[\/vc_column_text][vc_column_text]<\/p>\n<h4><strong>Pour votre communaut\u00e9<\/strong>:<\/h4>\n<p id=\"tw-target-text\" class=\"tw-data-text tw-text-large tw-ta\" dir=\"ltr\" data-placeholder=\"Translation\"><span class=\"Y2IQFc\" lang=\"fr\">Reconnaissez l&rsquo;impact potentiel et les avantages des pratiques agricoles sur le sol, l&rsquo;eau, l&rsquo;air et la biodiversit\u00e9 dans votre communaut\u00e9.<\/span><\/p>\n<p>[\/vc_column_text][vc_column_text]<\/p>\n<h4><strong>Pour votre industrie<\/strong>:<\/h4>\n<p id=\"tw-target-text\" class=\"tw-data-text tw-text-large tw-ta\" dir=\"ltr\" data-placeholder=\"Translation\"><span class=\"Y2IQFc\" lang=\"fr\">Montrez au public que l&rsquo;environnement compte dans l&rsquo;agriculture et que vous \u00eates activement impliqu\u00e9<\/span>.<\/p>\n<p>[\/vc_column_text][\/vc_column_inner][vc_column_inner width=\u00a0\u00bb1\/3&Prime;][vc_single_image image=\u00a0\u00bb11637&Prime; img_size=\u00a0\u00bbfull\u00a0\u00bb][\/vc_column_inner][\/vc_row_inner][\/vc_column][\/vc_row][vc_row full_width=\u00a0\u00bbstretch_row_content_no_spaces\u00a0\u00bb equal_height=\u00a0\u00bbyes\u00a0\u00bb content_placement=\u00a0\u00bbmiddle\u00a0\u00bb][vc_column el_align=\u00a0\u00bbcenter\u00a0\u00bb width=\u00a0\u00bb1\/3&Prime;]<div class='dt-sc-section-title aligncenter  '><h3><span>Qui peut obtenir<\/span> un PEF?<\/h3><p><\/p><\/div>[vc_row_inner equal_height=\u00a0\u00bbyes\u00a0\u00bb][vc_column_inner el_align=\u00a0\u00bbleft\u00a0\u00bb css=\u00a0\u00bb.vc_custom_1640098797720{margin-right: 7% !important;margin-left: 7% !important;padding-top: 10px !important;padding-right: 50px !important;padding-bottom: 20px !important;padding-left: 50px !important;background-color: #ffffff !important;}\u00a0\u00bb][vc_column_text]<\/p>\n<p id=\"tw-target-text\" class=\"tw-data-text tw-text-large tw-ta\" dir=\"ltr\" data-placeholder=\"Translation\"><span class=\"Y2IQFc\" lang=\"fr\">Tout producteur agricole enregistr\u00e9 au Nouveau-Brunswick peut avoir un plan agroenvironnemental.<\/span><\/p>\n<p>[\/vc_column_text][vc_column_text]<\/p>\n<p id=\"tw-target-text\" class=\"tw-data-text tw-text-large tw-ta\" dir=\"ltr\" data-placeholder=\"Translation\"><span class=\"Y2IQFc\" lang=\"fr\">Les agriculteurs membres de l&rsquo;Union nationale des fermiers du Nouveau-Brunswick et de l&rsquo;Alliance agricole du Nouveau-Brunswick doivent adh\u00e9rer \u00e0 ce programme.<\/span><\/p>\n<p>[\/vc_column_text][vc_column_text]<\/p>\n<p id=\"tw-target-text\" class=\"tw-data-text tw-text-large tw-ta\" dir=\"ltr\" data-placeholder=\"Translation\"><span class=\"Y2IQFc\" lang=\"fr\">Vous n&rsquo;\u00eates pas un agriculteur enregistr\u00e9?<\/span><\/p>\n<p>[\/vc_column_text]<a href='https:\/\/nfunb.org\/fr\/devenir-membre\/' target='_self' title='Devenir membre' class='dt-sc-button   medium icon-right with-icon  filled  '  style=\"color:#ffffff;\"> Cliquer ici! <span class='lnr lnr-arrow-right'> <\/span><\/a>[\/vc_column_inner][\/vc_row_inner][\/vc_column][vc_column width=\u00a0\u00bb1\/3&Prime;][vc_single_image image=\u00a0\u00bb11639&Prime; img_size=\u00a0\u00bbfull\u00a0\u00bb][\/vc_column][vc_column width=\u00a0\u00bb1\/3&Prime; css=\u00a0\u00bb.vc_custom_1640098326612{padding-right: 30px !important;padding-left: 30px !important;}\u00a0\u00bb]<div class='dt-sc-section-title aligncenter  '><h3><span>Comment obtenir<\/span> un PEF?<\/h3><p><\/p><\/div>[vc_row_inner equal_height=\u00a0\u00bbyes\u00a0\u00bb][vc_column_inner el_align=\u00a0\u00bbleft\u00a0\u00bb css=\u00a0\u00bb.vc_custom_1640098829757{margin-right: 7% !important;margin-left: 7% !important;padding-top: 10px !important;padding-right: 50px !important;padding-bottom: 70px !important;padding-left: 50px !important;}\u00a0\u00bb][vc_column_text]<\/p>\n<p id=\"tw-target-text\" class=\"tw-data-text tw-text-large tw-ta\" dir=\"ltr\" data-placeholder=\"Translation\"><strong><span class=\"Y2IQFc\" lang=\"fr\">Ateliers<\/span>:<\/strong><\/p>\n<p id=\"tw-target-text\" class=\"tw-data-text tw-text-large tw-ta\" dir=\"ltr\" data-placeholder=\"Translation\"><span class=\"Y2IQFc\" lang=\"fr\">Des ateliers sont organis\u00e9s en continu dans toute la province pour vous aider \u00e0 \u00e9laborer votre plan environnemental de ferme. Pour plus d&rsquo;informations sur les EFP et les ateliers \u00e0 venir dans votre r\u00e9gion, veuillez contacter\u00a0:<\/span><\/p>\n<p>[\/vc_column_text][vc_column_text]John Russell, Coordonateur PEF 506-381-2887[\/vc_column_text][vc_column_text]<\/p>\n<p id=\"tw-target-text\" class=\"tw-data-text tw-text-large tw-ta\" dir=\"ltr\" data-placeholder=\"Translation\"><span class=\"Y2IQFc\" lang=\"fr\">Pour plus d&rsquo;informations, t\u00e9l\u00e9chargez la brochure sur le <a href=\"https:\/\/nfunb.org\/wordpress\/wp-content\/uploads\/2021\/12\/6577-Environmental-Farm-Plan.pdf\" target=\"_blank\" rel=\"noopener\">plan environnemental de la ferme Cultivons l&rsquo;avenir<\/a>.<\/span><\/p>\n<p>[\/vc_column_text][\/vc_column_inner][\/vc_row_inner][\/vc_column][\/vc_row]<\/p>\n<\/div>","protected":false},"excerpt":{"rendered":"<p>[vc_row][vc_column][vc_row_inner][vc_column_inner width=\u00a0\u00bb1\/2&Prime;][vc_single_image image=\u00a0\u00bb11523&Prime; img_size=\u00a0\u00bbfull\u00a0\u00bb alignment=\u00a0\u00bbcenter\u00a0\u00bb css=\u00a0\u00bb.vc_custom_1640097377038{margin-top: 50px !important;margin-bottom: 0px !important;}\u00a0\u00bb][\/vc_column_inner][vc_column_inner width=\u00a0\u00bb1\/2&Prime;][vc_column_text] La planification environnementale de la ferme est un processus volontaire et confidentiel utilis\u00e9 par les gestionnaires de ferme pour [&hellip;]<\/p>\n","protected":false},"author":1,"featured_media":0,"parent":11833,"menu_order":3,"comment_status":"closed","ping_status":"closed","template":"","meta":{"footnotes":""},"class_list":["post-11849","page","type-page","status-publish","hentry"],"yoast_head":"<!-- This site is optimized with the Yoast SEO plugin v26.7 - https:\/\/yoast.com\/wordpress\/plugins\/seo\/ -->\n<title>Plan environnemental de la ferme - National Farmers Union in New Brunswick<\/title>\n<meta name=\"robots\" content=\"index, follow, max-snippet:-1, max-image-preview:large, max-video-preview:-1\" \/>\n<link rel=\"canonical\" href=\"https:\/\/www.nfunb.org\/fr\/ressources\/plan-environnemental-de-la-ferme\/\" \/>\n<meta property=\"og:locale\" content=\"fr_FR\" \/>\n<meta property=\"og:type\" content=\"article\" \/>\n<meta property=\"og:title\" content=\"Plan environnemental de la ferme - National Farmers Union in New Brunswick\" \/>\n<meta property=\"og:description\" content=\"[vc_row][vc_column][vc_row_inner][vc_column_inner width=\u00a0\u00bb1\/2&Prime;][vc_single_image image=\u00a0\u00bb11523&Prime; img_size=\u00a0\u00bbfull\u00a0\u00bb alignment=\u00a0\u00bbcenter\u00a0\u00bb css=\u00a0\u00bb.vc_custom_1640097377038{margin-top: 50px !important;margin-bottom: 0px !important;}\u00a0\u00bb][\/vc_column_inner][vc_column_inner width=\u00a0\u00bb1\/2&Prime;][vc_column_text] La planification environnementale de la ferme est un processus volontaire et confidentiel utilis\u00e9 par les gestionnaires de ferme pour [&hellip;]\" \/>\n<meta property=\"og:url\" content=\"https:\/\/www.nfunb.org\/fr\/ressources\/plan-environnemental-de-la-ferme\/\" \/>\n<meta property=\"og:site_name\" content=\"National Farmers Union in New Brunswick\" \/>\n<meta property=\"article:publisher\" content=\"https:\/\/www.facebook.com\/NFUinNB\" \/>\n<meta property=\"article:modified_time\" content=\"2022-03-09T14:49:18+00:00\" \/>\n<meta name=\"twitter:card\" content=\"summary_large_image\" \/>\n<meta name=\"twitter:label1\" content=\"Dur\u00e9e de lecture estim\u00e9e\" \/>\n\t<meta name=\"twitter:data1\" content=\"4 minutes\" \/>\n<script type=\"application\/ld+json\" class=\"yoast-schema-graph\">{\"@context\":\"https:\/\/schema.org\",\"@graph\":[{\"@type\":\"WebPage\",\"@id\":\"https:\/\/www.nfunb.org\/fr\/ressources\/plan-environnemental-de-la-ferme\/\",\"url\":\"https:\/\/www.nfunb.org\/fr\/ressources\/plan-environnemental-de-la-ferme\/\",\"name\":\"Plan environnemental de la ferme - National Farmers Union in New Brunswick\",\"isPartOf\":{\"@id\":\"https:\/\/www.nfunb.org\/fr\/#website\"},\"datePublished\":\"2021-12-20T13:25:48+00:00\",\"dateModified\":\"2022-03-09T14:49:18+00:00\",\"breadcrumb\":{\"@id\":\"https:\/\/www.nfunb.org\/fr\/ressources\/plan-environnemental-de-la-ferme\/#breadcrumb\"},\"inLanguage\":\"fr-FR\",\"potentialAction\":[{\"@type\":\"ReadAction\",\"target\":[\"https:\/\/www.nfunb.org\/fr\/ressources\/plan-environnemental-de-la-ferme\/\"]}]},{\"@type\":\"BreadcrumbList\",\"@id\":\"https:\/\/www.nfunb.org\/fr\/ressources\/plan-environnemental-de-la-ferme\/#breadcrumb\",\"itemListElement\":[{\"@type\":\"ListItem\",\"position\":1,\"name\":\"Home\",\"item\":\"https:\/\/www.nfunb.org\/fr\/home\/\"},{\"@type\":\"ListItem\",\"position\":2,\"name\":\"Ressources\",\"item\":\"https:\/\/www.nfunb.org\/fr\/ressources\/\"},{\"@type\":\"ListItem\",\"position\":3,\"name\":\"Plan environnemental de la ferme\"}]},{\"@type\":\"WebSite\",\"@id\":\"https:\/\/www.nfunb.org\/fr\/#website\",\"url\":\"https:\/\/www.nfunb.org\/fr\/\",\"name\":\"National Farmers Union in New Brunswick\",\"description\":\"Strong Communities. Sound Policies. Sustainable Farms\",\"publisher\":{\"@id\":\"https:\/\/www.nfunb.org\/fr\/#organization\"},\"potentialAction\":[{\"@type\":\"SearchAction\",\"target\":{\"@type\":\"EntryPoint\",\"urlTemplate\":\"https:\/\/www.nfunb.org\/fr\/?s={search_term_string}\"},\"query-input\":{\"@type\":\"PropertyValueSpecification\",\"valueRequired\":true,\"valueName\":\"search_term_string\"}}],\"inLanguage\":\"fr-FR\"},{\"@type\":\"Organization\",\"@id\":\"https:\/\/www.nfunb.org\/fr\/#organization\",\"name\":\"National Farmers Union in New Brunswick\",\"url\":\"https:\/\/www.nfunb.org\/fr\/\",\"logo\":{\"@type\":\"ImageObject\",\"inLanguage\":\"fr-FR\",\"@id\":\"https:\/\/www.nfunb.org\/fr\/#\/schema\/logo\/image\/\",\"url\":\"https:\/\/www.nfunb.org\/wp-content\/uploads\/2022\/01\/NFU_logo_CircleNB.png\",\"contentUrl\":\"https:\/\/www.nfunb.org\/wp-content\/uploads\/2022\/01\/NFU_logo_CircleNB.png\",\"width\":480,\"height\":480,\"caption\":\"National Farmers Union in New Brunswick\"},\"image\":{\"@id\":\"https:\/\/www.nfunb.org\/fr\/#\/schema\/logo\/image\/\"},\"sameAs\":[\"https:\/\/www.facebook.com\/NFUinNB\",\"https:\/\/www.instagram.com\/nfu.unf.nb\/\"]}]}<\/script>\n<!-- \/ Yoast SEO plugin. -->","yoast_head_json":{"title":"Plan environnemental de la ferme - National Farmers Union in New Brunswick","robots":{"index":"index","follow":"follow","max-snippet":"max-snippet:-1","max-image-preview":"max-image-preview:large","max-video-preview":"max-video-preview:-1"},"canonical":"https:\/\/www.nfunb.org\/fr\/ressources\/plan-environnemental-de-la-ferme\/","og_locale":"fr_FR","og_type":"article","og_title":"Plan environnemental de la ferme - National Farmers Union in New Brunswick","og_description":"[vc_row][vc_column][vc_row_inner][vc_column_inner width=\u00a0\u00bb1\/2&Prime;][vc_single_image image=\u00a0\u00bb11523&Prime; img_size=\u00a0\u00bbfull\u00a0\u00bb alignment=\u00a0\u00bbcenter\u00a0\u00bb css=\u00a0\u00bb.vc_custom_1640097377038{margin-top: 50px !important;margin-bottom: 0px !important;}\u00a0\u00bb][\/vc_column_inner][vc_column_inner width=\u00a0\u00bb1\/2&Prime;][vc_column_text] La planification environnementale de la ferme est un processus volontaire et confidentiel utilis\u00e9 par les gestionnaires de ferme pour [&hellip;]","og_url":"https:\/\/www.nfunb.org\/fr\/ressources\/plan-environnemental-de-la-ferme\/","og_site_name":"National Farmers Union in New Brunswick","article_publisher":"https:\/\/www.facebook.com\/NFUinNB","article_modified_time":"2022-03-09T14:49:18+00:00","twitter_card":"summary_large_image","twitter_misc":{"Dur\u00e9e de lecture estim\u00e9e":"4 minutes"},"schema":{"@context":"https:\/\/schema.org","@graph":[{"@type":"WebPage","@id":"https:\/\/www.nfunb.org\/fr\/ressources\/plan-environnemental-de-la-ferme\/","url":"https:\/\/www.nfunb.org\/fr\/ressources\/plan-environnemental-de-la-ferme\/","name":"Plan environnemental de la ferme - National Farmers Union in New Brunswick","isPartOf":{"@id":"https:\/\/www.nfunb.org\/fr\/#website"},"datePublished":"2021-12-20T13:25:48+00:00","dateModified":"2022-03-09T14:49:18+00:00","breadcrumb":{"@id":"https:\/\/www.nfunb.org\/fr\/ressources\/plan-environnemental-de-la-ferme\/#breadcrumb"},"inLanguage":"fr-FR","potentialAction":[{"@type":"ReadAction","target":["https:\/\/www.nfunb.org\/fr\/ressources\/plan-environnemental-de-la-ferme\/"]}]},{"@type":"BreadcrumbList","@id":"https:\/\/www.nfunb.org\/fr\/ressources\/plan-environnemental-de-la-ferme\/#breadcrumb","itemListElement":[{"@type":"ListItem","position":1,"name":"Home","item":"https:\/\/www.nfunb.org\/fr\/home\/"},{"@type":"ListItem","position":2,"name":"Ressources","item":"https:\/\/www.nfunb.org\/fr\/ressources\/"},{"@type":"ListItem","position":3,"name":"Plan environnemental de la ferme"}]},{"@type":"WebSite","@id":"https:\/\/www.nfunb.org\/fr\/#website","url":"https:\/\/www.nfunb.org\/fr\/","name":"National Farmers Union in New Brunswick","description":"Strong Communities. Sound Policies. Sustainable Farms","publisher":{"@id":"https:\/\/www.nfunb.org\/fr\/#organization"},"potentialAction":[{"@type":"SearchAction","target":{"@type":"EntryPoint","urlTemplate":"https:\/\/www.nfunb.org\/fr\/?s={search_term_string}"},"query-input":{"@type":"PropertyValueSpecification","valueRequired":true,"valueName":"search_term_string"}}],"inLanguage":"fr-FR"},{"@type":"Organization","@id":"https:\/\/www.nfunb.org\/fr\/#organization","name":"National Farmers Union in New Brunswick","url":"https:\/\/www.nfunb.org\/fr\/","logo":{"@type":"ImageObject","inLanguage":"fr-FR","@id":"https:\/\/www.nfunb.org\/fr\/#\/schema\/logo\/image\/","url":"https:\/\/www.nfunb.org\/wp-content\/uploads\/2022\/01\/NFU_logo_CircleNB.png","contentUrl":"https:\/\/www.nfunb.org\/wp-content\/uploads\/2022\/01\/NFU_logo_CircleNB.png","width":480,"height":480,"caption":"National Farmers Union in New Brunswick"},"image":{"@id":"https:\/\/www.nfunb.org\/fr\/#\/schema\/logo\/image\/"},"sameAs":["https:\/\/www.facebook.com\/NFUinNB","https:\/\/www.instagram.com\/nfu.unf.nb\/"]}]}},"_links":{"self":[{"href":"https:\/\/www.nfunb.org\/fr\/wp-json\/wp\/v2\/pages\/11849","targetHints":{"allow":["GET"]}}],"collection":[{"href":"https:\/\/www.nfunb.org\/fr\/wp-json\/wp\/v2\/pages"}],"about":[{"href":"https:\/\/www.nfunb.org\/fr\/wp-json\/wp\/v2\/types\/page"}],"author":[{"embeddable":true,"href":"https:\/\/www.nfunb.org\/fr\/wp-json\/wp\/v2\/users\/1"}],"replies":[{"embeddable":true,"href":"https:\/\/www.nfunb.org\/fr\/wp-json\/wp\/v2\/comments?post=11849"}],"version-history":[{"count":4,"href":"https:\/\/www.nfunb.org\/fr\/wp-json\/wp\/v2\/pages\/11849\/revisions"}],"predecessor-version":[{"id":12944,"href":"https:\/\/www.nfunb.org\/fr\/wp-json\/wp\/v2\/pages\/11849\/revisions\/12944"}],"up":[{"embeddable":true,"href":"https:\/\/www.nfunb.org\/fr\/wp-json\/wp\/v2\/pages\/11833"}],"wp:attachment":[{"href":"https:\/\/www.nfunb.org\/fr\/wp-json\/wp\/v2\/media?parent=11849"}],"curies":[{"name":"wp","href":"https:\/\/api.w.org\/{rel}","templated":true}]}}